{"id":854,"date":"2015-03-04T11:53:25","date_gmt":"2015-03-04T09:53:25","guid":{"rendered":"http:\/\/mfs-mafa.com\/?page_id=854"},"modified":"2015-03-04T11:53:25","modified_gmt":"2015-03-04T09:53:25","slug":"hh-fugen-vorrichtung","status":"publish","type":"page","link":"https:\/\/mfs-mafa.com\/en\/products\/drawing-machine\/hh-fugen-vorrichtung\/","title":{"rendered":"HH-Fugen-Vorrichtung"},"content":{"rendered":"<h2>Diese Seite wird zur Zeit aktualisiert und \u00fcberarbeitet.<\/h2>\n<div class=\"col_6\">\n<p>Im Moment bereiten wir die Inhalte f\u00fcr diesen Bereich vor. Um Sie auf dem gewohnten Niveau zu informieren w\u00fcrden wir Sie bitten, diesen Bereich zu einem sp\u00e4teren Zeitpunkt erneut zu besuchen.<\/p>\n<p>Vielen Dank!<\/p>\n<\/div>\n","protected":false},"excerpt":{"rendered":"<p>Diese Seite wird zur Zeit aktualisiert und \u00fcberarbeitet. Im Moment bereiten wir die Inhalte f\u00fcr diesen Bereich vor. Um Sie auf dem gewohnten Niveau zu informieren w\u00fcrden wir Sie bitten, diesen Bereich zu einem sp\u00e4teren <strong>[&#8230;]<\/strong> <\/p>\n<p><a class=\"cta\" href=\"https:\/\/mfs-mafa.com\/en\/products\/drawing-machine\/hh-fugen-vorrichtung\/\">read more<\/a><\/p>\n","protected":false},"author":1,"featured_media":0,"parent":85,"menu_order":0,"comment_status":"closed","ping_status":"closed","template":"page-produkte.php","meta":{"footnotes":""},"class_list":["post-854","page","type-page","status-publish","hentry"],"yoast_head":"<!-- This site is optimized with the Yoast SEO plugin v27.4 - https:\/\/yoast.com\/product\/yoast-seo-wordpress\/ -->\n<title>HH-Fugen-Vorrichtung - Welcome to MFS Maschinenfabrik<\/title>\n<meta name=\"robots\" content=\"index, follow, max-snippet:-1, max-image-preview:large, max-video-preview:-1\" \/>\n<link rel=\"canonical\" href=\"https:\/\/mfs-mafa.com\/en\/products\/drawing-machine\/hh-fugen-vorrichtung\/\" \/>\n<meta property=\"og:locale\" content=\"de_DE\" \/>\n<meta property=\"og:type\" content=\"article\" \/>\n<meta property=\"og:title\" content=\"HH-Fugen-Vorrichtung - Welcome to MFS Maschinenfabrik\" \/>\n<meta property=\"og:description\" content=\"Diese Seite wird zur Zeit aktualisiert und \u00fcberarbeitet. Im Moment bereiten wir die Inhalte f\u00fcr diesen Bereich vor. Um Sie auf dem gewohnten Niveau zu informieren w\u00fcrden wir Sie bitten, diesen Bereich zu einem sp\u00e4teren [...] read more\" \/>\n<meta property=\"og:url\" content=\"https:\/\/mfs-mafa.com\/en\/products\/drawing-machine\/hh-fugen-vorrichtung\/\" \/>\n<meta property=\"og:site_name\" content=\"Welcome to MFS Maschinenfabrik\" \/>\n<meta name=\"twitter:card\" content=\"summary_large_image\" \/>\n<script type=\"application\/ld+json\" class=\"yoast-schema-graph\">{\"@context\":\"https:\\\/\\\/schema.org\",\"@graph\":[{\"@type\":\"WebPage\",\"@id\":\"https:\\\/\\\/mfs-mafa.com\\\/en\\\/products\\\/drawing-machine\\\/hh-fugen-vorrichtung\\\/\",\"url\":\"https:\\\/\\\/mfs-mafa.com\\\/en\\\/products\\\/drawing-machine\\\/hh-fugen-vorrichtung\\\/\",\"name\":\"HH-Fugen-Vorrichtung - Welcome to MFS Maschinenfabrik\",\"isPartOf\":{\"@id\":\"https:\\\/\\\/mfs-mafa.com\\\/en\\\/#website\"},\"datePublished\":\"2015-03-04T09:53:25+00:00\",\"breadcrumb\":{\"@id\":\"https:\\\/\\\/mfs-mafa.com\\\/en\\\/products\\\/drawing-machine\\\/hh-fugen-vorrichtung\\\/#breadcrumb\"},\"inLanguage\":\"de\",\"potentialAction\":[{\"@type\":\"ReadAction\",\"target\":[\"https:\\\/\\\/mfs-mafa.com\\\/en\\\/products\\\/drawing-machine\\\/hh-fugen-vorrichtung\\\/\"]}]},{\"@type\":\"BreadcrumbList\",\"@id\":\"https:\\\/\\\/mfs-mafa.com\\\/en\\\/products\\\/drawing-machine\\\/hh-fugen-vorrichtung\\\/#breadcrumb\",\"itemListElement\":[{\"@type\":\"ListItem\",\"position\":1,\"name\":\"Home\",\"item\":\"https:\\\/\\\/mfs-mafa.com\\\/en\\\/\"},{\"@type\":\"ListItem\",\"position\":2,\"name\":\"Products\",\"item\":\"https:\\\/\\\/mfs-mafa.com\\\/en\\\/products\\\/\"},{\"@type\":\"ListItem\",\"position\":3,\"name\":\"Drawing machine\",\"item\":\"https:\\\/\\\/mfs-mafa.com\\\/en\\\/products\\\/drawing-machine\\\/\"},{\"@type\":\"ListItem\",\"position\":4,\"name\":\"HH-Fugen-Vorrichtung\"}]},{\"@type\":\"WebSite\",\"@id\":\"https:\\\/\\\/mfs-mafa.com\\\/en\\\/#website\",\"url\":\"https:\\\/\\\/mfs-mafa.com\\\/en\\\/\",\"name\":\"MFS Maschinenfabrik GmbH & Co. KG\",\"description\":\"MFS Maschinenfabrik GmbH &amp; Co. KG - Wilhelmshaven\",\"publisher\":{\"@id\":\"https:\\\/\\\/mfs-mafa.com\\\/en\\\/#organization\"},\"potentialAction\":[{\"@type\":\"SearchAction\",\"target\":{\"@type\":\"EntryPoint\",\"urlTemplate\":\"https:\\\/\\\/mfs-mafa.com\\\/en\\\/?s={search_term_string}\"},\"query-input\":{\"@type\":\"PropertyValueSpecification\",\"valueRequired\":true,\"valueName\":\"search_term_string\"}}],\"inLanguage\":\"de\"},{\"@type\":\"Organization\",\"@id\":\"https:\\\/\\\/mfs-mafa.com\\\/en\\\/#organization\",\"name\":\"MFS Maschinenfabrik GmbH & Co. KG\",\"url\":\"https:\\\/\\\/mfs-mafa.com\\\/en\\\/\",\"logo\":{\"@type\":\"ImageObject\",\"inLanguage\":\"de\",\"@id\":\"https:\\\/\\\/mfs-mafa.com\\\/en\\\/#\\\/schema\\\/logo\\\/image\\\/\",\"url\":\"https:\\\/\\\/mfs-mafa.com\\\/en\\\/wp-content\\\/uploads\\\/sites\\\/2\\\/2023\\\/02\\\/logo-mfs.png\",\"contentUrl\":\"https:\\\/\\\/mfs-mafa.com\\\/en\\\/wp-content\\\/uploads\\\/sites\\\/2\\\/2023\\\/02\\\/logo-mfs.png\",\"width\":190,\"height\":127,\"caption\":\"MFS Maschinenfabrik GmbH & Co. KG\"},\"image\":{\"@id\":\"https:\\\/\\\/mfs-mafa.com\\\/en\\\/#\\\/schema\\\/logo\\\/image\\\/\"}}]}<\/script>\n<!-- \/ Yoast SEO plugin. -->","yoast_head_json":{"title":"HH-Fugen-Vorrichtung - Welcome to MFS Maschinenfabrik","robots":{"index":"index","follow":"follow","max-snippet":"max-snippet:-1","max-image-preview":"max-image-preview:large","max-video-preview":"max-video-preview:-1"},"canonical":"https:\/\/mfs-mafa.com\/en\/products\/drawing-machine\/hh-fugen-vorrichtung\/","og_locale":"de_DE","og_type":"article","og_title":"HH-Fugen-Vorrichtung - Welcome to MFS Maschinenfabrik","og_description":"Diese Seite wird zur Zeit aktualisiert und \u00fcberarbeitet. Im Moment bereiten wir die Inhalte f\u00fcr diesen Bereich vor. Um Sie auf dem gewohnten Niveau zu informieren w\u00fcrden wir Sie bitten, diesen Bereich zu einem sp\u00e4teren [...] read more","og_url":"https:\/\/mfs-mafa.com\/en\/products\/drawing-machine\/hh-fugen-vorrichtung\/","og_site_name":"Welcome to MFS Maschinenfabrik","twitter_card":"summary_large_image","schema":{"@context":"https:\/\/schema.org","@graph":[{"@type":"WebPage","@id":"https:\/\/mfs-mafa.com\/en\/products\/drawing-machine\/hh-fugen-vorrichtung\/","url":"https:\/\/mfs-mafa.com\/en\/products\/drawing-machine\/hh-fugen-vorrichtung\/","name":"HH-Fugen-Vorrichtung - Welcome to MFS Maschinenfabrik","isPartOf":{"@id":"https:\/\/mfs-mafa.com\/en\/#website"},"datePublished":"2015-03-04T09:53:25+00:00","breadcrumb":{"@id":"https:\/\/mfs-mafa.com\/en\/products\/drawing-machine\/hh-fugen-vorrichtung\/#breadcrumb"},"inLanguage":"de","potentialAction":[{"@type":"ReadAction","target":["https:\/\/mfs-mafa.com\/en\/products\/drawing-machine\/hh-fugen-vorrichtung\/"]}]},{"@type":"BreadcrumbList","@id":"https:\/\/mfs-mafa.com\/en\/products\/drawing-machine\/hh-fugen-vorrichtung\/#breadcrumb","itemListElement":[{"@type":"ListItem","position":1,"name":"Home","item":"https:\/\/mfs-mafa.com\/en\/"},{"@type":"ListItem","position":2,"name":"Products","item":"https:\/\/mfs-mafa.com\/en\/products\/"},{"@type":"ListItem","position":3,"name":"Drawing machine","item":"https:\/\/mfs-mafa.com\/en\/products\/drawing-machine\/"},{"@type":"ListItem","position":4,"name":"HH-Fugen-Vorrichtung"}]},{"@type":"WebSite","@id":"https:\/\/mfs-mafa.com\/en\/#website","url":"https:\/\/mfs-mafa.com\/en\/","name":"MFS Maschinenfabrik GmbH & Co. KG","description":"MFS Maschinenfabrik GmbH &amp; Co. KG - Wilhelmshaven","publisher":{"@id":"https:\/\/mfs-mafa.com\/en\/#organization"},"potentialAction":[{"@type":"SearchAction","target":{"@type":"EntryPoint","urlTemplate":"https:\/\/mfs-mafa.com\/en\/?s={search_term_string}"},"query-input":{"@type":"PropertyValueSpecification","valueRequired":true,"valueName":"search_term_string"}}],"inLanguage":"de"},{"@type":"Organization","@id":"https:\/\/mfs-mafa.com\/en\/#organization","name":"MFS Maschinenfabrik GmbH & Co. KG","url":"https:\/\/mfs-mafa.com\/en\/","logo":{"@type":"ImageObject","inLanguage":"de","@id":"https:\/\/mfs-mafa.com\/en\/#\/schema\/logo\/image\/","url":"https:\/\/mfs-mafa.com\/en\/wp-content\/uploads\/sites\/2\/2023\/02\/logo-mfs.png","contentUrl":"https:\/\/mfs-mafa.com\/en\/wp-content\/uploads\/sites\/2\/2023\/02\/logo-mfs.png","width":190,"height":127,"caption":"MFS Maschinenfabrik GmbH & Co. KG"},"image":{"@id":"https:\/\/mfs-mafa.com\/en\/#\/schema\/logo\/image\/"}}]}},"_links":{"self":[{"href":"https:\/\/mfs-mafa.com\/en\/wp-json\/wp\/v2\/pages\/854","targetHints":{"allow":["GET"]}}],"collection":[{"href":"https:\/\/mfs-mafa.com\/en\/wp-json\/wp\/v2\/pages"}],"about":[{"href":"https:\/\/mfs-mafa.com\/en\/wp-json\/wp\/v2\/types\/page"}],"author":[{"embeddable":true,"href":"https:\/\/mfs-mafa.com\/en\/wp-json\/wp\/v2\/users\/1"}],"replies":[{"embeddable":true,"href":"https:\/\/mfs-mafa.com\/en\/wp-json\/wp\/v2\/comments?post=854"}],"version-history":[{"count":0,"href":"https:\/\/mfs-mafa.com\/en\/wp-json\/wp\/v2\/pages\/854\/revisions"}],"up":[{"embeddable":true,"href":"https:\/\/mfs-mafa.com\/en\/wp-json\/wp\/v2\/pages\/85"}],"wp:attachment":[{"href":"https:\/\/mfs-mafa.com\/en\/wp-json\/wp\/v2\/media?parent=854"}],"curies":[{"name":"wp","href":"https:\/\/api.w.org\/{rel}","templated":true}]}}