{"id":581,"date":"2014-01-20T15:21:12","date_gmt":"2014-01-20T13:21:12","guid":{"rendered":"http:\/\/mfs-mafa.com\/?page_id=581"},"modified":"2016-04-07T10:19:39","modified_gmt":"2016-04-07T08:19:39","slug":"concrete-tremie-pipe-system-2-2","status":"publish","type":"page","link":"https:\/\/mfs-mafa.com\/en\/products\/bentonite-processing\/concrete-tremie-pipe-system-2-2\/","title":{"rendered":"Concrete tremie pipe system"},"content":{"rendered":"<h2><img loading=\"lazy\" decoding=\"async\" class=\"alignnone size-full wp-image-583\" src=\"https:\/\/mfs-mafa.com\/en\/wp-content\/uploads\/sites\/2\/2014\/01\/Betonschuettrohr-Garnitur.jpg\" alt=\"Betonsch\u00fcttrohr-Garnitur\" width=\"605\" height=\"365\" srcset=\"https:\/\/mfs-mafa.com\/en\/wp-content\/uploads\/sites\/2\/2014\/01\/Betonschuettrohr-Garnitur.jpg 605w, https:\/\/mfs-mafa.com\/en\/wp-content\/uploads\/sites\/2\/2014\/01\/Betonschuettrohr-Garnitur-300x181.jpg 300w\" sizes=\"auto, (max-width: 605px) 100vw, 605px\" \/><\/h2>\n<h2>Mit Trichter, Klappschelle oder Abfanggabel<\/h2>\n<p>Sch\u00fcttrohre und Zubeh\u00f6r zum Einbringen von Beton in den offenen Schlitz oder artverwandte Aufgaben. Die Betonsch\u00fcttrohre k\u00f6nnen in unterschiedlichen Durchmessern und L\u00e4ngen geliefert werden. An den Rohrenden sind Verbindungsmuffen und -Zapfen angebracht. Zum Kuppeln mehrerer Sch\u00fcttrohre zu einem Strang werden die Muffen und Zapfen zusammengesteckt und mit einem Spezial-Steckseil gesichert. Steckseile sind f\u00fcr unterschiedliche Rohrdurchmesser in entsprechenden L\u00e4ngen verf\u00fcgbar. Die Steckseile k\u00f6nnen mit einem Latthammer wieder entfernt werden. Zum Abdichten der Kupplung werden 2 Stk. Rundschnurringe eingelegt. Zum aufrechten Transportieren eines Rohres oder Rohrstranges wird als Kopfst\u00fcck eine Hebekappe angekuppelt. Die Hebekappe ist mit einer Bohrung f\u00fcr ein Lastaufnahmemittel versehen. Um einen Sch\u00fcttrohrstrang auf der Leitwand zu halten, wird eine Abfanggabel od. Klappschelle \u00fcber das Rohr geschoben. Die Kupplungsmuffe des Sch\u00fcttrohres st\u00fctzt sich auf der Abfanggabel bzw. Klappschelle ab und verhindert somit ein Durchrutschen des Rohrstranges. Zum Einf\u00fcllen des Betons wird auf dem Sch\u00fcttrohr ein Trichter montiert. Trichter sind in verschiedenen Ausf\u00fchrungen lieferbar. Sch\u00fcttrohrmuffen und -Zapfen sind auch als einzelne Anschwei\u00dfteile lieferbar.<\/p>\n<p><strong>Weitere Dokumentation:<\/strong> Technische Spezifikation, Montageanleitung, Wartungsanleitung, Ersatzteilliste, Sicherheitsvorschriften.<\/p>\n<p class=\"cta-download\"><a href=\"https:\/\/mfs-mafa.com\/en\/wp-content\/uploads\/sites\/2\/2014\/01\/STEIN-Betonschuettrohr-Garnitur.pdf\" target=\"_blank\">Technische Daten<\/a><\/p>\n","protected":false},"excerpt":{"rendered":"<p>Mit Trichter, Klappschelle oder Abfanggabel Sch\u00fcttrohre und Zubeh\u00f6r zum Einbringen von Beton in den offenen Schlitz oder artverwandte Aufgaben. Die Betonsch\u00fcttrohre k\u00f6nnen in unterschiedlichen Durchmessern und L\u00e4ngen geliefert werden. An den Rohrenden sind Verbindungsmuffen und <strong>[&#8230;]<\/strong> <\/p>\n<p><a class=\"cta\" href=\"https:\/\/mfs-mafa.com\/en\/products\/bentonite-processing\/concrete-tremie-pipe-system-2-2\/\">read more<\/a><\/p>\n","protected":false},"author":1,"featured_media":0,"parent":703,"menu_order":0,"comment_status":"closed","ping_status":"closed","template":"page-produkte.php","meta":{"footnotes":""},"class_list":["post-581","page","type-page","status-publish","hentry"],"yoast_head":"<!-- This site is optimized with the Yoast SEO plugin v27.4 - https:\/\/yoast.com\/product\/yoast-seo-wordpress\/ -->\n<title>Betonsch\u00fcttrohr - Garnitur<\/title>\n<meta name=\"description\" content=\"Sch\u00fcttrohre und Zubeh\u00f6r zum Einbringen von Beton in den offenen Schlitz oder artverwandte Aufgaben.\" \/>\n<meta name=\"robots\" content=\"index, follow, max-snippet:-1, max-image-preview:large, max-video-preview:-1\" \/>\n<link rel=\"canonical\" href=\"https:\/\/mfs-mafa.com\/en\/products\/bentonite-processing\/concrete-tremie-pipe-system-2-2\/\" \/>\n<meta property=\"og:locale\" content=\"de_DE\" \/>\n<meta property=\"og:type\" content=\"article\" \/>\n<meta property=\"og:title\" content=\"Betonsch\u00fcttrohr - Garnitur\" \/>\n<meta property=\"og:description\" content=\"Sch\u00fcttrohre und Zubeh\u00f6r zum Einbringen von Beton in den offenen Schlitz oder artverwandte Aufgaben.\" \/>\n<meta property=\"og:url\" content=\"https:\/\/mfs-mafa.com\/en\/products\/bentonite-processing\/concrete-tremie-pipe-system-2-2\/\" \/>\n<meta property=\"og:site_name\" content=\"Welcome to MFS Maschinenfabrik\" \/>\n<meta property=\"article:modified_time\" content=\"2016-04-07T08:19:39+00:00\" \/>\n<meta property=\"og:image\" content=\"https:\/\/mfs-mafa.com\/en\/wp-content\/uploads\/sites\/2\/2014\/01\/Betonschuettrohr-Garnitur.jpg\" \/>\n<meta name=\"twitter:card\" content=\"summary_large_image\" \/>\n<meta name=\"twitter:label1\" content=\"Gesch\u00e4tzte Lesezeit\" \/>\n\t<meta name=\"twitter:data1\" content=\"1\u00a0Minute\" \/>\n<script type=\"application\/ld+json\" class=\"yoast-schema-graph\">{\"@context\":\"https:\\\/\\\/schema.org\",\"@graph\":[{\"@type\":\"WebPage\",\"@id\":\"https:\\\/\\\/mfs-mafa.com\\\/en\\\/products\\\/bentonite-processing\\\/concrete-tremie-pipe-system-2-2\\\/\",\"url\":\"https:\\\/\\\/mfs-mafa.com\\\/en\\\/products\\\/bentonite-processing\\\/concrete-tremie-pipe-system-2-2\\\/\",\"name\":\"Betonsch\u00fcttrohr - Garnitur\",\"isPartOf\":{\"@id\":\"https:\\\/\\\/mfs-mafa.com\\\/en\\\/#website\"},\"primaryImageOfPage\":{\"@id\":\"https:\\\/\\\/mfs-mafa.com\\\/en\\\/products\\\/bentonite-processing\\\/concrete-tremie-pipe-system-2-2\\\/#primaryimage\"},\"image\":{\"@id\":\"https:\\\/\\\/mfs-mafa.com\\\/en\\\/products\\\/bentonite-processing\\\/concrete-tremie-pipe-system-2-2\\\/#primaryimage\"},\"thumbnailUrl\":\"https:\\\/\\\/mfs-mafa.com\\\/en\\\/wp-content\\\/uploads\\\/sites\\\/2\\\/2014\\\/01\\\/Betonschuettrohr-Garnitur.jpg\",\"datePublished\":\"2014-01-20T13:21:12+00:00\",\"dateModified\":\"2016-04-07T08:19:39+00:00\",\"description\":\"Sch\u00fcttrohre und Zubeh\u00f6r zum Einbringen von Beton in den offenen Schlitz oder artverwandte Aufgaben.\",\"breadcrumb\":{\"@id\":\"https:\\\/\\\/mfs-mafa.com\\\/en\\\/products\\\/bentonite-processing\\\/concrete-tremie-pipe-system-2-2\\\/#breadcrumb\"},\"inLanguage\":\"de\",\"potentialAction\":[{\"@type\":\"ReadAction\",\"target\":[\"https:\\\/\\\/mfs-mafa.com\\\/en\\\/products\\\/bentonite-processing\\\/concrete-tremie-pipe-system-2-2\\\/\"]}]},{\"@type\":\"ImageObject\",\"inLanguage\":\"de\",\"@id\":\"https:\\\/\\\/mfs-mafa.com\\\/en\\\/products\\\/bentonite-processing\\\/concrete-tremie-pipe-system-2-2\\\/#primaryimage\",\"url\":\"https:\\\/\\\/mfs-mafa.com\\\/en\\\/wp-content\\\/uploads\\\/sites\\\/2\\\/2014\\\/01\\\/Betonschuettrohr-Garnitur.jpg\",\"contentUrl\":\"https:\\\/\\\/mfs-mafa.com\\\/en\\\/wp-content\\\/uploads\\\/sites\\\/2\\\/2014\\\/01\\\/Betonschuettrohr-Garnitur.jpg\",\"width\":605,\"height\":365,\"caption\":\"Betonsch\u00fcttrohr-Garnitur\"},{\"@type\":\"BreadcrumbList\",\"@id\":\"https:\\\/\\\/mfs-mafa.com\\\/en\\\/products\\\/bentonite-processing\\\/concrete-tremie-pipe-system-2-2\\\/#breadcrumb\",\"itemListElement\":[{\"@type\":\"ListItem\",\"position\":1,\"name\":\"Home\",\"item\":\"https:\\\/\\\/mfs-mafa.com\\\/en\\\/\"},{\"@type\":\"ListItem\",\"position\":2,\"name\":\"Products\",\"item\":\"https:\\\/\\\/mfs-mafa.com\\\/en\\\/products\\\/\"},{\"@type\":\"ListItem\",\"position\":3,\"name\":\"Bentonite processing\",\"item\":\"https:\\\/\\\/mfs-mafa.com\\\/en\\\/products\\\/bentonite-processing\\\/\"},{\"@type\":\"ListItem\",\"position\":4,\"name\":\"Concrete tremie pipe system\"}]},{\"@type\":\"WebSite\",\"@id\":\"https:\\\/\\\/mfs-mafa.com\\\/en\\\/#website\",\"url\":\"https:\\\/\\\/mfs-mafa.com\\\/en\\\/\",\"name\":\"MFS Maschinenfabrik GmbH & Co. KG\",\"description\":\"MFS Maschinenfabrik GmbH &amp; Co. KG - Wilhelmshaven\",\"publisher\":{\"@id\":\"https:\\\/\\\/mfs-mafa.com\\\/en\\\/#organization\"},\"potentialAction\":[{\"@type\":\"SearchAction\",\"target\":{\"@type\":\"EntryPoint\",\"urlTemplate\":\"https:\\\/\\\/mfs-mafa.com\\\/en\\\/?s={search_term_string}\"},\"query-input\":{\"@type\":\"PropertyValueSpecification\",\"valueRequired\":true,\"valueName\":\"search_term_string\"}}],\"inLanguage\":\"de\"},{\"@type\":\"Organization\",\"@id\":\"https:\\\/\\\/mfs-mafa.com\\\/en\\\/#organization\",\"name\":\"MFS Maschinenfabrik GmbH & Co. KG\",\"url\":\"https:\\\/\\\/mfs-mafa.com\\\/en\\\/\",\"logo\":{\"@type\":\"ImageObject\",\"inLanguage\":\"de\",\"@id\":\"https:\\\/\\\/mfs-mafa.com\\\/en\\\/#\\\/schema\\\/logo\\\/image\\\/\",\"url\":\"https:\\\/\\\/mfs-mafa.com\\\/en\\\/wp-content\\\/uploads\\\/sites\\\/2\\\/2023\\\/02\\\/logo-mfs.png\",\"contentUrl\":\"https:\\\/\\\/mfs-mafa.com\\\/en\\\/wp-content\\\/uploads\\\/sites\\\/2\\\/2023\\\/02\\\/logo-mfs.png\",\"width\":190,\"height\":127,\"caption\":\"MFS Maschinenfabrik GmbH & Co. KG\"},\"image\":{\"@id\":\"https:\\\/\\\/mfs-mafa.com\\\/en\\\/#\\\/schema\\\/logo\\\/image\\\/\"}}]}<\/script>\n<!-- \/ Yoast SEO plugin. -->","yoast_head_json":{"title":"Betonsch\u00fcttrohr - Garnitur","description":"Sch\u00fcttrohre und Zubeh\u00f6r zum Einbringen von Beton in den offenen Schlitz oder artverwandte Aufgaben.","robots":{"index":"index","follow":"follow","max-snippet":"max-snippet:-1","max-image-preview":"max-image-preview:large","max-video-preview":"max-video-preview:-1"},"canonical":"https:\/\/mfs-mafa.com\/en\/products\/bentonite-processing\/concrete-tremie-pipe-system-2-2\/","og_locale":"de_DE","og_type":"article","og_title":"Betonsch\u00fcttrohr - Garnitur","og_description":"Sch\u00fcttrohre und Zubeh\u00f6r zum Einbringen von Beton in den offenen Schlitz oder artverwandte Aufgaben.","og_url":"https:\/\/mfs-mafa.com\/en\/products\/bentonite-processing\/concrete-tremie-pipe-system-2-2\/","og_site_name":"Welcome to MFS Maschinenfabrik","article_modified_time":"2016-04-07T08:19:39+00:00","og_image":[{"url":"https:\/\/mfs-mafa.com\/en\/wp-content\/uploads\/sites\/2\/2014\/01\/Betonschuettrohr-Garnitur.jpg","type":"","width":"","height":""}],"twitter_card":"summary_large_image","twitter_misc":{"Gesch\u00e4tzte Lesezeit":"1\u00a0Minute"},"schema":{"@context":"https:\/\/schema.org","@graph":[{"@type":"WebPage","@id":"https:\/\/mfs-mafa.com\/en\/products\/bentonite-processing\/concrete-tremie-pipe-system-2-2\/","url":"https:\/\/mfs-mafa.com\/en\/products\/bentonite-processing\/concrete-tremie-pipe-system-2-2\/","name":"Betonsch\u00fcttrohr - Garnitur","isPartOf":{"@id":"https:\/\/mfs-mafa.com\/en\/#website"},"primaryImageOfPage":{"@id":"https:\/\/mfs-mafa.com\/en\/products\/bentonite-processing\/concrete-tremie-pipe-system-2-2\/#primaryimage"},"image":{"@id":"https:\/\/mfs-mafa.com\/en\/products\/bentonite-processing\/concrete-tremie-pipe-system-2-2\/#primaryimage"},"thumbnailUrl":"https:\/\/mfs-mafa.com\/en\/wp-content\/uploads\/sites\/2\/2014\/01\/Betonschuettrohr-Garnitur.jpg","datePublished":"2014-01-20T13:21:12+00:00","dateModified":"2016-04-07T08:19:39+00:00","description":"Sch\u00fcttrohre und Zubeh\u00f6r zum Einbringen von Beton in den offenen Schlitz oder artverwandte Aufgaben.","breadcrumb":{"@id":"https:\/\/mfs-mafa.com\/en\/products\/bentonite-processing\/concrete-tremie-pipe-system-2-2\/#breadcrumb"},"inLanguage":"de","potentialAction":[{"@type":"ReadAction","target":["https:\/\/mfs-mafa.com\/en\/products\/bentonite-processing\/concrete-tremie-pipe-system-2-2\/"]}]},{"@type":"ImageObject","inLanguage":"de","@id":"https:\/\/mfs-mafa.com\/en\/products\/bentonite-processing\/concrete-tremie-pipe-system-2-2\/#primaryimage","url":"https:\/\/mfs-mafa.com\/en\/wp-content\/uploads\/sites\/2\/2014\/01\/Betonschuettrohr-Garnitur.jpg","contentUrl":"https:\/\/mfs-mafa.com\/en\/wp-content\/uploads\/sites\/2\/2014\/01\/Betonschuettrohr-Garnitur.jpg","width":605,"height":365,"caption":"Betonsch\u00fcttrohr-Garnitur"},{"@type":"BreadcrumbList","@id":"https:\/\/mfs-mafa.com\/en\/products\/bentonite-processing\/concrete-tremie-pipe-system-2-2\/#breadcrumb","itemListElement":[{"@type":"ListItem","position":1,"name":"Home","item":"https:\/\/mfs-mafa.com\/en\/"},{"@type":"ListItem","position":2,"name":"Products","item":"https:\/\/mfs-mafa.com\/en\/products\/"},{"@type":"ListItem","position":3,"name":"Bentonite processing","item":"https:\/\/mfs-mafa.com\/en\/products\/bentonite-processing\/"},{"@type":"ListItem","position":4,"name":"Concrete tremie pipe system"}]},{"@type":"WebSite","@id":"https:\/\/mfs-mafa.com\/en\/#website","url":"https:\/\/mfs-mafa.com\/en\/","name":"MFS Maschinenfabrik GmbH & Co. KG","description":"MFS Maschinenfabrik GmbH &amp; Co. KG - Wilhelmshaven","publisher":{"@id":"https:\/\/mfs-mafa.com\/en\/#organization"},"potentialAction":[{"@type":"SearchAction","target":{"@type":"EntryPoint","urlTemplate":"https:\/\/mfs-mafa.com\/en\/?s={search_term_string}"},"query-input":{"@type":"PropertyValueSpecification","valueRequired":true,"valueName":"search_term_string"}}],"inLanguage":"de"},{"@type":"Organization","@id":"https:\/\/mfs-mafa.com\/en\/#organization","name":"MFS Maschinenfabrik GmbH & Co. KG","url":"https:\/\/mfs-mafa.com\/en\/","logo":{"@type":"ImageObject","inLanguage":"de","@id":"https:\/\/mfs-mafa.com\/en\/#\/schema\/logo\/image\/","url":"https:\/\/mfs-mafa.com\/en\/wp-content\/uploads\/sites\/2\/2023\/02\/logo-mfs.png","contentUrl":"https:\/\/mfs-mafa.com\/en\/wp-content\/uploads\/sites\/2\/2023\/02\/logo-mfs.png","width":190,"height":127,"caption":"MFS Maschinenfabrik GmbH & Co. KG"},"image":{"@id":"https:\/\/mfs-mafa.com\/en\/#\/schema\/logo\/image\/"}}]}},"_links":{"self":[{"href":"https:\/\/mfs-mafa.com\/en\/wp-json\/wp\/v2\/pages\/581","targetHints":{"allow":["GET"]}}],"collection":[{"href":"https:\/\/mfs-mafa.com\/en\/wp-json\/wp\/v2\/pages"}],"about":[{"href":"https:\/\/mfs-mafa.com\/en\/wp-json\/wp\/v2\/types\/page"}],"author":[{"embeddable":true,"href":"https:\/\/mfs-mafa.com\/en\/wp-json\/wp\/v2\/users\/1"}],"replies":[{"embeddable":true,"href":"https:\/\/mfs-mafa.com\/en\/wp-json\/wp\/v2\/comments?post=581"}],"version-history":[{"count":2,"href":"https:\/\/mfs-mafa.com\/en\/wp-json\/wp\/v2\/pages\/581\/revisions"}],"predecessor-version":[{"id":1232,"href":"https:\/\/mfs-mafa.com\/en\/wp-json\/wp\/v2\/pages\/581\/revisions\/1232"}],"up":[{"embeddable":true,"href":"https:\/\/mfs-mafa.com\/en\/wp-json\/wp\/v2\/pages\/703"}],"wp:attachment":[{"href":"https:\/\/mfs-mafa.com\/en\/wp-json\/wp\/v2\/media?parent=581"}],"curies":[{"name":"wp","href":"https:\/\/api.w.org\/{rel}","templated":true}]}}