{"id":58,"date":"2013-11-05T23:00:04","date_gmt":"2013-11-05T21:00:04","guid":{"rendered":"http:\/\/mfs-mafa.com\/?page_id=58"},"modified":"2016-04-06T17:47:18","modified_gmt":"2016-04-06T15:47:18","slug":"bentonite-mixing-plant","status":"publish","type":"page","link":"https:\/\/mfs-mafa.com\/en\/products\/bentonite-mixing-plant\/","title":{"rendered":"Bentonite-mixing-plant"},"content":{"rendered":"<p><a href=\"https:\/\/mfs-mafa.com\/en\/wp-content\/uploads\/sites\/2\/2013\/11\/Mischanlage17_4.jpg\"><img loading=\"lazy\" decoding=\"async\" class=\"alignnone wp-image-331 size-medium\" src=\"https:\/\/mfs-mafa.com\/en\/wp-content\/uploads\/sites\/2\/2013\/11\/Mischanlage17_4-300x224.jpg\" alt=\"Mischanlage\" width=\"300\" height=\"224\" srcset=\"https:\/\/mfs-mafa.com\/en\/wp-content\/uploads\/sites\/2\/2013\/11\/Mischanlage17_4-300x224.jpg 300w, https:\/\/mfs-mafa.com\/en\/wp-content\/uploads\/sites\/2\/2013\/11\/Mischanlage17_4.jpg 510w\" sizes=\"auto, (max-width: 300px) 100vw, 300px\" \/><\/a><\/p>\n<p>Mit der Mischanlage wird Bentonitsuspension angemischt. Dazu wird die Mischanlage mit einem geeigneten Kran auf den vorbereiteten Einsatzort positioniert. Dort wird zun\u00e4chst die erforderliche Spannungsversorgung vorgenommen. Danach wird der Reinwasserzulauf angeschlossen, die zugeh\u00f6rige Absperrklappe ge\u00f6ffnet und der Mischbeh\u00e4lter mit der notwendigen Wassermenge bef\u00e4llt. Anschliessend wird die f\u00fcr das angestrebte Mischverh\u00e4ltnis ben\u00f6tigte Menge an Bentonit \u00fcber die F\u00fcll\u00f6ffnung f\u00fcr Bentonits\u00e4cke oder \u00fcber die angebaute Waage zugef\u00e4hrt.<\/p>\n<p>Bei offener Mischabsperrklappe und geschlossener Gemischablaufklappenwird Wasser und Bentonit zur Bentonitsuspensionnvermischt. Die fertige Bentonitsuspension wird \u00fcber den Gemischablauf abgepumpt.<\/p>\n","protected":false},"excerpt":{"rendered":"<p>Mit der Mischanlage wird Bentonitsuspension angemischt. Dazu wird die Mischanlage mit einem geeigneten Kran auf den vorbereiteten Einsatzort positioniert. Dort wird zun\u00e4chst die erforderliche Spannungsversorgung vorgenommen. Danach wird der Reinwasserzulauf angeschlossen, die zugeh\u00f6rige Absperrklappe ge\u00f6ffnet <strong>[&#8230;]<\/strong> <\/p>\n<p><a class=\"cta\" href=\"https:\/\/mfs-mafa.com\/en\/products\/bentonite-mixing-plant\/\">read more<\/a><\/p>\n","protected":false},"author":1,"featured_media":0,"parent":39,"menu_order":0,"comment_status":"closed","ping_status":"closed","template":"page-produkte.php","meta":{"footnotes":""},"class_list":["post-58","page","type-page","status-publish","hentry"],"yoast_head":"<!-- This site is optimized with the Yoast SEO plugin v27.3 - https:\/\/yoast.com\/product\/yoast-seo-wordpress\/ -->\n<title>Bentonite-mixing-plant - Welcome to MFS Maschinenfabrik<\/title>\n<meta name=\"robots\" content=\"index, follow, max-snippet:-1, max-image-preview:large, max-video-preview:-1\" \/>\n<link rel=\"canonical\" href=\"https:\/\/mfs-mafa.com\/en\/products\/bentonite-mixing-plant\/\" \/>\n<meta property=\"og:locale\" content=\"de_DE\" \/>\n<meta property=\"og:type\" content=\"article\" \/>\n<meta property=\"og:title\" content=\"Bentonite-mixing-plant - Welcome to MFS Maschinenfabrik\" \/>\n<meta property=\"og:description\" content=\"Mit der Mischanlage wird Bentonitsuspension angemischt. Dazu wird die Mischanlage mit einem geeigneten Kran auf den vorbereiteten Einsatzort positioniert. Dort wird zun\u00e4chst die erforderliche Spannungsversorgung vorgenommen. Danach wird der Reinwasserzulauf angeschlossen, die zugeh\u00f6rige Absperrklappe ge\u00f6ffnet [...] read more\" \/>\n<meta property=\"og:url\" content=\"https:\/\/mfs-mafa.com\/en\/products\/bentonite-mixing-plant\/\" \/>\n<meta property=\"og:site_name\" content=\"Welcome to MFS Maschinenfabrik\" \/>\n<meta property=\"article:modified_time\" content=\"2016-04-06T15:47:18+00:00\" \/>\n<meta property=\"og:image\" content=\"https:\/\/mfs-mafa.com\/en\/wp-content\/uploads\/sites\/2\/2013\/11\/Mischanlage17_4-300x224.jpg\" \/>\n<meta name=\"twitter:card\" content=\"summary_large_image\" \/>\n<script type=\"application\/ld+json\" class=\"yoast-schema-graph\">{\"@context\":\"https:\\\/\\\/schema.org\",\"@graph\":[{\"@type\":\"WebPage\",\"@id\":\"https:\\\/\\\/mfs-mafa.com\\\/en\\\/products\\\/bentonite-mixing-plant\\\/\",\"url\":\"https:\\\/\\\/mfs-mafa.com\\\/en\\\/products\\\/bentonite-mixing-plant\\\/\",\"name\":\"Bentonite-mixing-plant - Welcome to MFS Maschinenfabrik\",\"isPartOf\":{\"@id\":\"https:\\\/\\\/mfs-mafa.com\\\/en\\\/#website\"},\"primaryImageOfPage\":{\"@id\":\"https:\\\/\\\/mfs-mafa.com\\\/en\\\/products\\\/bentonite-mixing-plant\\\/#primaryimage\"},\"image\":{\"@id\":\"https:\\\/\\\/mfs-mafa.com\\\/en\\\/products\\\/bentonite-mixing-plant\\\/#primaryimage\"},\"thumbnailUrl\":\"https:\\\/\\\/mfs-mafa.com\\\/en\\\/wp-content\\\/uploads\\\/sites\\\/2\\\/2013\\\/11\\\/Mischanlage17_4-300x224.jpg\",\"datePublished\":\"2013-11-05T21:00:04+00:00\",\"dateModified\":\"2016-04-06T15:47:18+00:00\",\"breadcrumb\":{\"@id\":\"https:\\\/\\\/mfs-mafa.com\\\/en\\\/products\\\/bentonite-mixing-plant\\\/#breadcrumb\"},\"inLanguage\":\"de\",\"potentialAction\":[{\"@type\":\"ReadAction\",\"target\":[\"https:\\\/\\\/mfs-mafa.com\\\/en\\\/products\\\/bentonite-mixing-plant\\\/\"]}]},{\"@type\":\"ImageObject\",\"inLanguage\":\"de\",\"@id\":\"https:\\\/\\\/mfs-mafa.com\\\/en\\\/products\\\/bentonite-mixing-plant\\\/#primaryimage\",\"url\":\"https:\\\/\\\/mfs-mafa.com\\\/en\\\/wp-content\\\/uploads\\\/sites\\\/2\\\/2013\\\/11\\\/Mischanlage17_4.jpg\",\"contentUrl\":\"https:\\\/\\\/mfs-mafa.com\\\/en\\\/wp-content\\\/uploads\\\/sites\\\/2\\\/2013\\\/11\\\/Mischanlage17_4.jpg\",\"width\":510,\"height\":380,\"caption\":\"Mischanlage\"},{\"@type\":\"BreadcrumbList\",\"@id\":\"https:\\\/\\\/mfs-mafa.com\\\/en\\\/products\\\/bentonite-mixing-plant\\\/#breadcrumb\",\"itemListElement\":[{\"@type\":\"ListItem\",\"position\":1,\"name\":\"Home\",\"item\":\"https:\\\/\\\/mfs-mafa.com\\\/en\\\/\"},{\"@type\":\"ListItem\",\"position\":2,\"name\":\"Products\",\"item\":\"https:\\\/\\\/mfs-mafa.com\\\/en\\\/products\\\/\"},{\"@type\":\"ListItem\",\"position\":3,\"name\":\"Bentonite-mixing-plant\"}]},{\"@type\":\"WebSite\",\"@id\":\"https:\\\/\\\/mfs-mafa.com\\\/en\\\/#website\",\"url\":\"https:\\\/\\\/mfs-mafa.com\\\/en\\\/\",\"name\":\"MFS Maschinenfabrik GmbH & Co. KG\",\"description\":\"MFS Maschinenfabrik GmbH &amp; Co. KG - Wilhelmshaven\",\"publisher\":{\"@id\":\"https:\\\/\\\/mfs-mafa.com\\\/en\\\/#organization\"},\"potentialAction\":[{\"@type\":\"SearchAction\",\"target\":{\"@type\":\"EntryPoint\",\"urlTemplate\":\"https:\\\/\\\/mfs-mafa.com\\\/en\\\/?s={search_term_string}\"},\"query-input\":{\"@type\":\"PropertyValueSpecification\",\"valueRequired\":true,\"valueName\":\"search_term_string\"}}],\"inLanguage\":\"de\"},{\"@type\":\"Organization\",\"@id\":\"https:\\\/\\\/mfs-mafa.com\\\/en\\\/#organization\",\"name\":\"MFS Maschinenfabrik GmbH & Co. KG\",\"url\":\"https:\\\/\\\/mfs-mafa.com\\\/en\\\/\",\"logo\":{\"@type\":\"ImageObject\",\"inLanguage\":\"de\",\"@id\":\"https:\\\/\\\/mfs-mafa.com\\\/en\\\/#\\\/schema\\\/logo\\\/image\\\/\",\"url\":\"https:\\\/\\\/mfs-mafa.com\\\/en\\\/wp-content\\\/uploads\\\/sites\\\/2\\\/2023\\\/02\\\/logo-mfs.png\",\"contentUrl\":\"https:\\\/\\\/mfs-mafa.com\\\/en\\\/wp-content\\\/uploads\\\/sites\\\/2\\\/2023\\\/02\\\/logo-mfs.png\",\"width\":190,\"height\":127,\"caption\":\"MFS Maschinenfabrik GmbH & Co. KG\"},\"image\":{\"@id\":\"https:\\\/\\\/mfs-mafa.com\\\/en\\\/#\\\/schema\\\/logo\\\/image\\\/\"}}]}<\/script>\n<!-- \/ Yoast SEO plugin. -->","yoast_head_json":{"title":"Bentonite-mixing-plant - Welcome to MFS Maschinenfabrik","robots":{"index":"index","follow":"follow","max-snippet":"max-snippet:-1","max-image-preview":"max-image-preview:large","max-video-preview":"max-video-preview:-1"},"canonical":"https:\/\/mfs-mafa.com\/en\/products\/bentonite-mixing-plant\/","og_locale":"de_DE","og_type":"article","og_title":"Bentonite-mixing-plant - Welcome to MFS Maschinenfabrik","og_description":"Mit der Mischanlage wird Bentonitsuspension angemischt. Dazu wird die Mischanlage mit einem geeigneten Kran auf den vorbereiteten Einsatzort positioniert. Dort wird zun\u00e4chst die erforderliche Spannungsversorgung vorgenommen. Danach wird der Reinwasserzulauf angeschlossen, die zugeh\u00f6rige Absperrklappe ge\u00f6ffnet [...] read more","og_url":"https:\/\/mfs-mafa.com\/en\/products\/bentonite-mixing-plant\/","og_site_name":"Welcome to MFS Maschinenfabrik","article_modified_time":"2016-04-06T15:47:18+00:00","og_image":[{"url":"https:\/\/mfs-mafa.com\/en\/wp-content\/uploads\/sites\/2\/2013\/11\/Mischanlage17_4-300x224.jpg","type":"","width":"","height":""}],"twitter_card":"summary_large_image","schema":{"@context":"https:\/\/schema.org","@graph":[{"@type":"WebPage","@id":"https:\/\/mfs-mafa.com\/en\/products\/bentonite-mixing-plant\/","url":"https:\/\/mfs-mafa.com\/en\/products\/bentonite-mixing-plant\/","name":"Bentonite-mixing-plant - Welcome to MFS Maschinenfabrik","isPartOf":{"@id":"https:\/\/mfs-mafa.com\/en\/#website"},"primaryImageOfPage":{"@id":"https:\/\/mfs-mafa.com\/en\/products\/bentonite-mixing-plant\/#primaryimage"},"image":{"@id":"https:\/\/mfs-mafa.com\/en\/products\/bentonite-mixing-plant\/#primaryimage"},"thumbnailUrl":"https:\/\/mfs-mafa.com\/en\/wp-content\/uploads\/sites\/2\/2013\/11\/Mischanlage17_4-300x224.jpg","datePublished":"2013-11-05T21:00:04+00:00","dateModified":"2016-04-06T15:47:18+00:00","breadcrumb":{"@id":"https:\/\/mfs-mafa.com\/en\/products\/bentonite-mixing-plant\/#breadcrumb"},"inLanguage":"de","potentialAction":[{"@type":"ReadAction","target":["https:\/\/mfs-mafa.com\/en\/products\/bentonite-mixing-plant\/"]}]},{"@type":"ImageObject","inLanguage":"de","@id":"https:\/\/mfs-mafa.com\/en\/products\/bentonite-mixing-plant\/#primaryimage","url":"https:\/\/mfs-mafa.com\/en\/wp-content\/uploads\/sites\/2\/2013\/11\/Mischanlage17_4.jpg","contentUrl":"https:\/\/mfs-mafa.com\/en\/wp-content\/uploads\/sites\/2\/2013\/11\/Mischanlage17_4.jpg","width":510,"height":380,"caption":"Mischanlage"},{"@type":"BreadcrumbList","@id":"https:\/\/mfs-mafa.com\/en\/products\/bentonite-mixing-plant\/#breadcrumb","itemListElement":[{"@type":"ListItem","position":1,"name":"Home","item":"https:\/\/mfs-mafa.com\/en\/"},{"@type":"ListItem","position":2,"name":"Products","item":"https:\/\/mfs-mafa.com\/en\/products\/"},{"@type":"ListItem","position":3,"name":"Bentonite-mixing-plant"}]},{"@type":"WebSite","@id":"https:\/\/mfs-mafa.com\/en\/#website","url":"https:\/\/mfs-mafa.com\/en\/","name":"MFS Maschinenfabrik GmbH & Co. KG","description":"MFS Maschinenfabrik GmbH &amp; Co. KG - Wilhelmshaven","publisher":{"@id":"https:\/\/mfs-mafa.com\/en\/#organization"},"potentialAction":[{"@type":"SearchAction","target":{"@type":"EntryPoint","urlTemplate":"https:\/\/mfs-mafa.com\/en\/?s={search_term_string}"},"query-input":{"@type":"PropertyValueSpecification","valueRequired":true,"valueName":"search_term_string"}}],"inLanguage":"de"},{"@type":"Organization","@id":"https:\/\/mfs-mafa.com\/en\/#organization","name":"MFS Maschinenfabrik GmbH & Co. KG","url":"https:\/\/mfs-mafa.com\/en\/","logo":{"@type":"ImageObject","inLanguage":"de","@id":"https:\/\/mfs-mafa.com\/en\/#\/schema\/logo\/image\/","url":"https:\/\/mfs-mafa.com\/en\/wp-content\/uploads\/sites\/2\/2023\/02\/logo-mfs.png","contentUrl":"https:\/\/mfs-mafa.com\/en\/wp-content\/uploads\/sites\/2\/2023\/02\/logo-mfs.png","width":190,"height":127,"caption":"MFS Maschinenfabrik GmbH & Co. KG"},"image":{"@id":"https:\/\/mfs-mafa.com\/en\/#\/schema\/logo\/image\/"}}]}},"_links":{"self":[{"href":"https:\/\/mfs-mafa.com\/en\/wp-json\/wp\/v2\/pages\/58","targetHints":{"allow":["GET"]}}],"collection":[{"href":"https:\/\/mfs-mafa.com\/en\/wp-json\/wp\/v2\/pages"}],"about":[{"href":"https:\/\/mfs-mafa.com\/en\/wp-json\/wp\/v2\/types\/page"}],"author":[{"embeddable":true,"href":"https:\/\/mfs-mafa.com\/en\/wp-json\/wp\/v2\/users\/1"}],"replies":[{"embeddable":true,"href":"https:\/\/mfs-mafa.com\/en\/wp-json\/wp\/v2\/comments?post=58"}],"version-history":[{"count":2,"href":"https:\/\/mfs-mafa.com\/en\/wp-json\/wp\/v2\/pages\/58\/revisions"}],"predecessor-version":[{"id":1180,"href":"https:\/\/mfs-mafa.com\/en\/wp-json\/wp\/v2\/pages\/58\/revisions\/1180"}],"up":[{"embeddable":true,"href":"https:\/\/mfs-mafa.com\/en\/wp-json\/wp\/v2\/pages\/39"}],"wp:attachment":[{"href":"https:\/\/mfs-mafa.com\/en\/wp-json\/wp\/v2\/media?parent=58"}],"curies":[{"name":"wp","href":"https:\/\/api.w.org\/{rel}","templated":true}]}}