{"id":574,"date":"2014-01-20T15:12:19","date_gmt":"2014-01-20T13:12:19","guid":{"rendered":"http:\/\/mfs-mafa.com\/?page_id=574"},"modified":"2014-01-20T15:12:19","modified_gmt":"2014-01-20T13:12:19","slug":"stein-abschalrohr-garnitur-3","status":"publish","type":"page","link":"https:\/\/mfs-mafa.com\/en\/stein-abschalrohr-garnitur-3\/","title":{"rendered":"STEIN &#8211; Abschalrohr &#8211; Garnitur"},"content":{"rendered":"<h2><img loading=\"lazy\" decoding=\"async\" class=\"alignnone size-full wp-image-578\" alt=\"Abschalrohr\" src=\"https:\/\/mfs-mafa.com\/en\/wp-content\/uploads\/sites\/2\/2014\/01\/abschalrohr.gif\" width=\"150\" height=\"170\" \/><\/h2>\n<h2>Bestehend aus einem Einh\u00e4nger, einem Abschalrohr und einem Fu\u00dfst\u00fcck<\/h2>\n<p>Dient zum abschalen von benachbarten Schlitzwandlamellen, um definierte \u00dcberg\u00e4nge zu erzeugen.<\/p>\n<p>Die Rohrdurchmesser sind auf die \u00fcblichen Schlitzbreiten abgestimmt und standartm\u00e4ssig mit 1000 mm nach oben begrenzt. Die Zwischenst\u00fccke haben jeweils eine Kupplungsmuffe und einen Kupplungszafpen. Die einzelnen Rohrst\u00fccke werden mit Bajonettkupplungen verbunden und mit einem radial eingetriebenen Spannstift gesichert. Die einzelnen Rohrabschnitte sind in verschiedenen L\u00e4ngen lieferbar.<\/p>\n<p class=\"cta-download\"><a href=\"https:\/\/mfs-mafa.com\/en\/wp-content\/uploads\/sites\/2\/2014\/01\/STEIN-Abschalrohr-Garnitur.pdf\" target=\"_blank\"><span class=\"cta-download\">Technische Daten<\/span><\/a><\/p>\n","protected":false},"excerpt":{"rendered":"<p>Bestehend aus einem Einh\u00e4nger, einem Abschalrohr und einem Fu\u00dfst\u00fcck Dient zum abschalen von benachbarten Schlitzwandlamellen, um definierte \u00dcberg\u00e4nge zu erzeugen. Die Rohrdurchmesser sind auf die \u00fcblichen Schlitzbreiten abgestimmt und standartm\u00e4ssig mit 1000 mm nach oben <strong>[&#8230;]<\/strong> <\/p>\n<p><a class=\"cta\" href=\"https:\/\/mfs-mafa.com\/en\/stein-abschalrohr-garnitur-3\/\">read more<\/a><\/p>\n","protected":false},"author":1,"featured_media":0,"parent":0,"menu_order":0,"comment_status":"closed","ping_status":"closed","template":"page-produkte.php","meta":{"footnotes":""},"class_list":["post-574","page","type-page","status-publish","hentry"],"yoast_head":"<!-- This site is optimized with the Yoast SEO plugin v27.4 - https:\/\/yoast.com\/product\/yoast-seo-wordpress\/ -->\n<title>STEIN - Abschalrohr - Garnitur - Welcome to MFS Maschinenfabrik<\/title>\n<meta name=\"robots\" content=\"index, follow, max-snippet:-1, max-image-preview:large, max-video-preview:-1\" \/>\n<link rel=\"canonical\" href=\"https:\/\/mfs-mafa.com\/en\/stein-abschalrohr-garnitur-3\/\" \/>\n<meta property=\"og:locale\" content=\"de_DE\" \/>\n<meta property=\"og:type\" content=\"article\" \/>\n<meta property=\"og:title\" content=\"STEIN - Abschalrohr - Garnitur - Welcome to MFS Maschinenfabrik\" \/>\n<meta property=\"og:description\" content=\"Bestehend aus einem Einh\u00e4nger, einem Abschalrohr und einem Fu\u00dfst\u00fcck Dient zum abschalen von benachbarten Schlitzwandlamellen, um definierte \u00dcberg\u00e4nge zu erzeugen. Die Rohrdurchmesser sind auf die \u00fcblichen Schlitzbreiten abgestimmt und standartm\u00e4ssig mit 1000 mm nach oben [...] read more\" \/>\n<meta property=\"og:url\" content=\"https:\/\/mfs-mafa.com\/en\/stein-abschalrohr-garnitur-3\/\" \/>\n<meta property=\"og:site_name\" content=\"Welcome to MFS Maschinenfabrik\" \/>\n<meta property=\"og:image\" content=\"https:\/\/mfs-mafa.com\/en\/wp-content\/uploads\/sites\/2\/2014\/01\/abschalrohr.gif\" \/>\n<meta name=\"twitter:card\" content=\"summary_large_image\" \/>\n<script type=\"application\/ld+json\" class=\"yoast-schema-graph\">{\"@context\":\"https:\\\/\\\/schema.org\",\"@graph\":[{\"@type\":\"WebPage\",\"@id\":\"https:\\\/\\\/mfs-mafa.com\\\/en\\\/stein-abschalrohr-garnitur-3\\\/\",\"url\":\"https:\\\/\\\/mfs-mafa.com\\\/en\\\/stein-abschalrohr-garnitur-3\\\/\",\"name\":\"STEIN - Abschalrohr - Garnitur - Welcome to MFS Maschinenfabrik\",\"isPartOf\":{\"@id\":\"https:\\\/\\\/mfs-mafa.com\\\/en\\\/#website\"},\"primaryImageOfPage\":{\"@id\":\"https:\\\/\\\/mfs-mafa.com\\\/en\\\/stein-abschalrohr-garnitur-3\\\/#primaryimage\"},\"image\":{\"@id\":\"https:\\\/\\\/mfs-mafa.com\\\/en\\\/stein-abschalrohr-garnitur-3\\\/#primaryimage\"},\"thumbnailUrl\":\"https:\\\/\\\/mfs-mafa.com\\\/en\\\/wp-content\\\/uploads\\\/sites\\\/2\\\/2014\\\/01\\\/abschalrohr.gif\",\"datePublished\":\"2014-01-20T13:12:19+00:00\",\"breadcrumb\":{\"@id\":\"https:\\\/\\\/mfs-mafa.com\\\/en\\\/stein-abschalrohr-garnitur-3\\\/#breadcrumb\"},\"inLanguage\":\"de\",\"potentialAction\":[{\"@type\":\"ReadAction\",\"target\":[\"https:\\\/\\\/mfs-mafa.com\\\/en\\\/stein-abschalrohr-garnitur-3\\\/\"]}]},{\"@type\":\"ImageObject\",\"inLanguage\":\"de\",\"@id\":\"https:\\\/\\\/mfs-mafa.com\\\/en\\\/stein-abschalrohr-garnitur-3\\\/#primaryimage\",\"url\":\"https:\\\/\\\/mfs-mafa.com\\\/en\\\/wp-content\\\/uploads\\\/sites\\\/2\\\/2014\\\/01\\\/abschalrohr.gif\",\"contentUrl\":\"https:\\\/\\\/mfs-mafa.com\\\/en\\\/wp-content\\\/uploads\\\/sites\\\/2\\\/2014\\\/01\\\/abschalrohr.gif\",\"width\":150,\"height\":170,\"caption\":\"Abschalrohr\"},{\"@type\":\"BreadcrumbList\",\"@id\":\"https:\\\/\\\/mfs-mafa.com\\\/en\\\/stein-abschalrohr-garnitur-3\\\/#breadcrumb\",\"itemListElement\":[{\"@type\":\"ListItem\",\"position\":1,\"name\":\"Home\",\"item\":\"https:\\\/\\\/mfs-mafa.com\\\/en\\\/\"},{\"@type\":\"ListItem\",\"position\":2,\"name\":\"STEIN &#8211; Abschalrohr &#8211; Garnitur\"}]},{\"@type\":\"WebSite\",\"@id\":\"https:\\\/\\\/mfs-mafa.com\\\/en\\\/#website\",\"url\":\"https:\\\/\\\/mfs-mafa.com\\\/en\\\/\",\"name\":\"MFS Maschinenfabrik GmbH & Co. KG\",\"description\":\"MFS Maschinenfabrik GmbH &amp; Co. KG - Wilhelmshaven\",\"publisher\":{\"@id\":\"https:\\\/\\\/mfs-mafa.com\\\/en\\\/#organization\"},\"potentialAction\":[{\"@type\":\"SearchAction\",\"target\":{\"@type\":\"EntryPoint\",\"urlTemplate\":\"https:\\\/\\\/mfs-mafa.com\\\/en\\\/?s={search_term_string}\"},\"query-input\":{\"@type\":\"PropertyValueSpecification\",\"valueRequired\":true,\"valueName\":\"search_term_string\"}}],\"inLanguage\":\"de\"},{\"@type\":\"Organization\",\"@id\":\"https:\\\/\\\/mfs-mafa.com\\\/en\\\/#organization\",\"name\":\"MFS Maschinenfabrik GmbH & Co. KG\",\"url\":\"https:\\\/\\\/mfs-mafa.com\\\/en\\\/\",\"logo\":{\"@type\":\"ImageObject\",\"inLanguage\":\"de\",\"@id\":\"https:\\\/\\\/mfs-mafa.com\\\/en\\\/#\\\/schema\\\/logo\\\/image\\\/\",\"url\":\"https:\\\/\\\/mfs-mafa.com\\\/en\\\/wp-content\\\/uploads\\\/sites\\\/2\\\/2023\\\/02\\\/logo-mfs.png\",\"contentUrl\":\"https:\\\/\\\/mfs-mafa.com\\\/en\\\/wp-content\\\/uploads\\\/sites\\\/2\\\/2023\\\/02\\\/logo-mfs.png\",\"width\":190,\"height\":127,\"caption\":\"MFS Maschinenfabrik GmbH & Co. KG\"},\"image\":{\"@id\":\"https:\\\/\\\/mfs-mafa.com\\\/en\\\/#\\\/schema\\\/logo\\\/image\\\/\"}}]}<\/script>\n<!-- \/ Yoast SEO plugin. -->","yoast_head_json":{"title":"STEIN - Abschalrohr - Garnitur - Welcome to MFS Maschinenfabrik","robots":{"index":"index","follow":"follow","max-snippet":"max-snippet:-1","max-image-preview":"max-image-preview:large","max-video-preview":"max-video-preview:-1"},"canonical":"https:\/\/mfs-mafa.com\/en\/stein-abschalrohr-garnitur-3\/","og_locale":"de_DE","og_type":"article","og_title":"STEIN - Abschalrohr - Garnitur - Welcome to MFS Maschinenfabrik","og_description":"Bestehend aus einem Einh\u00e4nger, einem Abschalrohr und einem Fu\u00dfst\u00fcck Dient zum abschalen von benachbarten Schlitzwandlamellen, um definierte \u00dcberg\u00e4nge zu erzeugen. Die Rohrdurchmesser sind auf die \u00fcblichen Schlitzbreiten abgestimmt und standartm\u00e4ssig mit 1000 mm nach oben [...] read more","og_url":"https:\/\/mfs-mafa.com\/en\/stein-abschalrohr-garnitur-3\/","og_site_name":"Welcome to MFS Maschinenfabrik","og_image":[{"url":"https:\/\/mfs-mafa.com\/en\/wp-content\/uploads\/sites\/2\/2014\/01\/abschalrohr.gif","type":"","width":"","height":""}],"twitter_card":"summary_large_image","schema":{"@context":"https:\/\/schema.org","@graph":[{"@type":"WebPage","@id":"https:\/\/mfs-mafa.com\/en\/stein-abschalrohr-garnitur-3\/","url":"https:\/\/mfs-mafa.com\/en\/stein-abschalrohr-garnitur-3\/","name":"STEIN - Abschalrohr - Garnitur - Welcome to MFS Maschinenfabrik","isPartOf":{"@id":"https:\/\/mfs-mafa.com\/en\/#website"},"primaryImageOfPage":{"@id":"https:\/\/mfs-mafa.com\/en\/stein-abschalrohr-garnitur-3\/#primaryimage"},"image":{"@id":"https:\/\/mfs-mafa.com\/en\/stein-abschalrohr-garnitur-3\/#primaryimage"},"thumbnailUrl":"https:\/\/mfs-mafa.com\/en\/wp-content\/uploads\/sites\/2\/2014\/01\/abschalrohr.gif","datePublished":"2014-01-20T13:12:19+00:00","breadcrumb":{"@id":"https:\/\/mfs-mafa.com\/en\/stein-abschalrohr-garnitur-3\/#breadcrumb"},"inLanguage":"de","potentialAction":[{"@type":"ReadAction","target":["https:\/\/mfs-mafa.com\/en\/stein-abschalrohr-garnitur-3\/"]}]},{"@type":"ImageObject","inLanguage":"de","@id":"https:\/\/mfs-mafa.com\/en\/stein-abschalrohr-garnitur-3\/#primaryimage","url":"https:\/\/mfs-mafa.com\/en\/wp-content\/uploads\/sites\/2\/2014\/01\/abschalrohr.gif","contentUrl":"https:\/\/mfs-mafa.com\/en\/wp-content\/uploads\/sites\/2\/2014\/01\/abschalrohr.gif","width":150,"height":170,"caption":"Abschalrohr"},{"@type":"BreadcrumbList","@id":"https:\/\/mfs-mafa.com\/en\/stein-abschalrohr-garnitur-3\/#breadcrumb","itemListElement":[{"@type":"ListItem","position":1,"name":"Home","item":"https:\/\/mfs-mafa.com\/en\/"},{"@type":"ListItem","position":2,"name":"STEIN &#8211; Abschalrohr &#8211; Garnitur"}]},{"@type":"WebSite","@id":"https:\/\/mfs-mafa.com\/en\/#website","url":"https:\/\/mfs-mafa.com\/en\/","name":"MFS Maschinenfabrik GmbH & Co. KG","description":"MFS Maschinenfabrik GmbH &amp; Co. KG - Wilhelmshaven","publisher":{"@id":"https:\/\/mfs-mafa.com\/en\/#organization"},"potentialAction":[{"@type":"SearchAction","target":{"@type":"EntryPoint","urlTemplate":"https:\/\/mfs-mafa.com\/en\/?s={search_term_string}"},"query-input":{"@type":"PropertyValueSpecification","valueRequired":true,"valueName":"search_term_string"}}],"inLanguage":"de"},{"@type":"Organization","@id":"https:\/\/mfs-mafa.com\/en\/#organization","name":"MFS Maschinenfabrik GmbH & Co. KG","url":"https:\/\/mfs-mafa.com\/en\/","logo":{"@type":"ImageObject","inLanguage":"de","@id":"https:\/\/mfs-mafa.com\/en\/#\/schema\/logo\/image\/","url":"https:\/\/mfs-mafa.com\/en\/wp-content\/uploads\/sites\/2\/2023\/02\/logo-mfs.png","contentUrl":"https:\/\/mfs-mafa.com\/en\/wp-content\/uploads\/sites\/2\/2023\/02\/logo-mfs.png","width":190,"height":127,"caption":"MFS Maschinenfabrik GmbH & Co. KG"},"image":{"@id":"https:\/\/mfs-mafa.com\/en\/#\/schema\/logo\/image\/"}}]}},"_links":{"self":[{"href":"https:\/\/mfs-mafa.com\/en\/wp-json\/wp\/v2\/pages\/574","targetHints":{"allow":["GET"]}}],"collection":[{"href":"https:\/\/mfs-mafa.com\/en\/wp-json\/wp\/v2\/pages"}],"about":[{"href":"https:\/\/mfs-mafa.com\/en\/wp-json\/wp\/v2\/types\/page"}],"author":[{"embeddable":true,"href":"https:\/\/mfs-mafa.com\/en\/wp-json\/wp\/v2\/users\/1"}],"replies":[{"embeddable":true,"href":"https:\/\/mfs-mafa.com\/en\/wp-json\/wp\/v2\/comments?post=574"}],"version-history":[{"count":0,"href":"https:\/\/mfs-mafa.com\/en\/wp-json\/wp\/v2\/pages\/574\/revisions"}],"wp:attachment":[{"href":"https:\/\/mfs-mafa.com\/en\/wp-json\/wp\/v2\/media?parent=574"}],"curies":[{"name":"wp","href":"https:\/\/api.w.org\/{rel}","templated":true}]}}