{"id":565,"date":"2014-01-20T15:04:58","date_gmt":"2014-01-20T13:04:58","guid":{"rendered":"http:\/\/mfs-mafa.com\/?page_id=565"},"modified":"2014-01-20T15:04:58","modified_gmt":"2014-01-20T13:04:58","slug":"stein-schneidenmeissel-hd","status":"publish","type":"page","link":"https:\/\/mfs-mafa.com\/en\/stein-schneidenmeissel-hd\/","title":{"rendered":"STEIN &#8211; Schneidenmei\u00dfel HD"},"content":{"rendered":"<h2><img loading=\"lazy\" decoding=\"async\" class=\"alignnone size-full wp-image-567\" alt=\"Schneidemeissel\" src=\"https:\/\/mfs-mafa.com\/en\/wp-content\/uploads\/sites\/2\/2014\/01\/Schneidemeissel.jpg\" width=\"385\" height=\"637\" srcset=\"https:\/\/mfs-mafa.com\/en\/wp-content\/uploads\/sites\/2\/2014\/01\/Schneidemeissel.jpg 385w, https:\/\/mfs-mafa.com\/en\/wp-content\/uploads\/sites\/2\/2014\/01\/Schneidemeissel-181x300.jpg 181w\" sizes=\"auto, (max-width: 385px) 100vw, 385px\" \/><\/h2>\n<h2>Mit Putzrundung und Putzschneide<\/h2>\n<h2>400 &#8211; 1500 mm<\/h2>\n<p>Der Mei\u00dfel ist wartungsarm und unterliegt der Sicherheitsvorschrift nach VCB 9a f\u00fcr Lastaufnahmemittel.<\/p>\n<p>Die Mei\u00dfelschneiden sind aus Hardoxstahl 450 gefertigt und sollten bedarfsweise mit 600 HB aufgepanzert werden. F\u00fcr alle Mei\u00dfeltypen k\u00f6nnen unterschiedliche Lastaufnahmeelemente und unterschiedliche Putzeinrichtungen geliefert werden.<\/p>\n<p class=\"cta-download\"><a href=\"https:\/\/mfs-mafa.com\/en\/wp-content\/uploads\/sites\/2\/2014\/01\/STEIN-Schneidemeissel-400-1500mm-HD.pdf\" target=\"_blank\">Technische Daten<\/a><\/p>\n","protected":false},"excerpt":{"rendered":"<p>Mit Putzrundung und Putzschneide 400 &#8211; 1500 mm Der Mei\u00dfel ist wartungsarm und unterliegt der Sicherheitsvorschrift nach VCB 9a f\u00fcr Lastaufnahmemittel. Die Mei\u00dfelschneiden sind aus Hardoxstahl 450 gefertigt und sollten bedarfsweise mit 600 HB aufgepanzert <strong>[&#8230;]<\/strong> <\/p>\n<p><a class=\"cta\" href=\"https:\/\/mfs-mafa.com\/en\/stein-schneidenmeissel-hd\/\">read more<\/a><\/p>\n","protected":false},"author":1,"featured_media":0,"parent":0,"menu_order":0,"comment_status":"closed","ping_status":"closed","template":"page-produkte.php","meta":{"footnotes":""},"class_list":["post-565","page","type-page","status-publish","hentry"],"yoast_head":"<!-- This site is optimized with the Yoast SEO plugin v27.4 - https:\/\/yoast.com\/product\/yoast-seo-wordpress\/ -->\n<title>STEIN - Schneidenmei\u00dfel HD - Welcome to MFS Maschinenfabrik<\/title>\n<meta name=\"robots\" content=\"index, follow, max-snippet:-1, max-image-preview:large, max-video-preview:-1\" \/>\n<link rel=\"canonical\" href=\"https:\/\/mfs-mafa.com\/en\/stein-schneidenmeissel-hd\/\" \/>\n<meta property=\"og:locale\" content=\"de_DE\" \/>\n<meta property=\"og:type\" content=\"article\" \/>\n<meta property=\"og:title\" content=\"STEIN - Schneidenmei\u00dfel HD - Welcome to MFS Maschinenfabrik\" \/>\n<meta property=\"og:description\" content=\"Mit Putzrundung und Putzschneide 400 &#8211; 1500 mm Der Mei\u00dfel ist wartungsarm und unterliegt der Sicherheitsvorschrift nach VCB 9a f\u00fcr Lastaufnahmemittel. Die Mei\u00dfelschneiden sind aus Hardoxstahl 450 gefertigt und sollten bedarfsweise mit 600 HB aufgepanzert [...] read more\" \/>\n<meta property=\"og:url\" content=\"https:\/\/mfs-mafa.com\/en\/stein-schneidenmeissel-hd\/\" \/>\n<meta property=\"og:site_name\" content=\"Welcome to MFS Maschinenfabrik\" \/>\n<meta property=\"og:image\" content=\"https:\/\/mfs-mafa.com\/en\/wp-content\/uploads\/sites\/2\/2014\/01\/Schneidemeissel.jpg\" \/>\n<meta name=\"twitter:card\" content=\"summary_large_image\" \/>\n<script type=\"application\/ld+json\" class=\"yoast-schema-graph\">{\"@context\":\"https:\\\/\\\/schema.org\",\"@graph\":[{\"@type\":\"WebPage\",\"@id\":\"https:\\\/\\\/mfs-mafa.com\\\/en\\\/stein-schneidenmeissel-hd\\\/\",\"url\":\"https:\\\/\\\/mfs-mafa.com\\\/en\\\/stein-schneidenmeissel-hd\\\/\",\"name\":\"STEIN - Schneidenmei\u00dfel HD - Welcome to MFS Maschinenfabrik\",\"isPartOf\":{\"@id\":\"https:\\\/\\\/mfs-mafa.com\\\/en\\\/#website\"},\"primaryImageOfPage\":{\"@id\":\"https:\\\/\\\/mfs-mafa.com\\\/en\\\/stein-schneidenmeissel-hd\\\/#primaryimage\"},\"image\":{\"@id\":\"https:\\\/\\\/mfs-mafa.com\\\/en\\\/stein-schneidenmeissel-hd\\\/#primaryimage\"},\"thumbnailUrl\":\"https:\\\/\\\/mfs-mafa.com\\\/en\\\/wp-content\\\/uploads\\\/sites\\\/2\\\/2014\\\/01\\\/Schneidemeissel.jpg\",\"datePublished\":\"2014-01-20T13:04:58+00:00\",\"breadcrumb\":{\"@id\":\"https:\\\/\\\/mfs-mafa.com\\\/en\\\/stein-schneidenmeissel-hd\\\/#breadcrumb\"},\"inLanguage\":\"de\",\"potentialAction\":[{\"@type\":\"ReadAction\",\"target\":[\"https:\\\/\\\/mfs-mafa.com\\\/en\\\/stein-schneidenmeissel-hd\\\/\"]}]},{\"@type\":\"ImageObject\",\"inLanguage\":\"de\",\"@id\":\"https:\\\/\\\/mfs-mafa.com\\\/en\\\/stein-schneidenmeissel-hd\\\/#primaryimage\",\"url\":\"https:\\\/\\\/mfs-mafa.com\\\/en\\\/wp-content\\\/uploads\\\/sites\\\/2\\\/2014\\\/01\\\/Schneidemeissel.jpg\",\"contentUrl\":\"https:\\\/\\\/mfs-mafa.com\\\/en\\\/wp-content\\\/uploads\\\/sites\\\/2\\\/2014\\\/01\\\/Schneidemeissel.jpg\",\"width\":385,\"height\":637,\"caption\":\"Schneidemeissel\"},{\"@type\":\"BreadcrumbList\",\"@id\":\"https:\\\/\\\/mfs-mafa.com\\\/en\\\/stein-schneidenmeissel-hd\\\/#breadcrumb\",\"itemListElement\":[{\"@type\":\"ListItem\",\"position\":1,\"name\":\"Home\",\"item\":\"https:\\\/\\\/mfs-mafa.com\\\/en\\\/\"},{\"@type\":\"ListItem\",\"position\":2,\"name\":\"STEIN &#8211; Schneidenmei\u00dfel HD\"}]},{\"@type\":\"WebSite\",\"@id\":\"https:\\\/\\\/mfs-mafa.com\\\/en\\\/#website\",\"url\":\"https:\\\/\\\/mfs-mafa.com\\\/en\\\/\",\"name\":\"MFS Maschinenfabrik GmbH & Co. KG\",\"description\":\"MFS Maschinenfabrik GmbH &amp; Co. KG - Wilhelmshaven\",\"publisher\":{\"@id\":\"https:\\\/\\\/mfs-mafa.com\\\/en\\\/#organization\"},\"potentialAction\":[{\"@type\":\"SearchAction\",\"target\":{\"@type\":\"EntryPoint\",\"urlTemplate\":\"https:\\\/\\\/mfs-mafa.com\\\/en\\\/?s={search_term_string}\"},\"query-input\":{\"@type\":\"PropertyValueSpecification\",\"valueRequired\":true,\"valueName\":\"search_term_string\"}}],\"inLanguage\":\"de\"},{\"@type\":\"Organization\",\"@id\":\"https:\\\/\\\/mfs-mafa.com\\\/en\\\/#organization\",\"name\":\"MFS Maschinenfabrik GmbH & Co. KG\",\"url\":\"https:\\\/\\\/mfs-mafa.com\\\/en\\\/\",\"logo\":{\"@type\":\"ImageObject\",\"inLanguage\":\"de\",\"@id\":\"https:\\\/\\\/mfs-mafa.com\\\/en\\\/#\\\/schema\\\/logo\\\/image\\\/\",\"url\":\"https:\\\/\\\/mfs-mafa.com\\\/en\\\/wp-content\\\/uploads\\\/sites\\\/2\\\/2023\\\/02\\\/logo-mfs.png\",\"contentUrl\":\"https:\\\/\\\/mfs-mafa.com\\\/en\\\/wp-content\\\/uploads\\\/sites\\\/2\\\/2023\\\/02\\\/logo-mfs.png\",\"width\":190,\"height\":127,\"caption\":\"MFS Maschinenfabrik GmbH & Co. KG\"},\"image\":{\"@id\":\"https:\\\/\\\/mfs-mafa.com\\\/en\\\/#\\\/schema\\\/logo\\\/image\\\/\"}}]}<\/script>\n<!-- \/ Yoast SEO plugin. -->","yoast_head_json":{"title":"STEIN - Schneidenmei\u00dfel HD - Welcome to MFS Maschinenfabrik","robots":{"index":"index","follow":"follow","max-snippet":"max-snippet:-1","max-image-preview":"max-image-preview:large","max-video-preview":"max-video-preview:-1"},"canonical":"https:\/\/mfs-mafa.com\/en\/stein-schneidenmeissel-hd\/","og_locale":"de_DE","og_type":"article","og_title":"STEIN - Schneidenmei\u00dfel HD - Welcome to MFS Maschinenfabrik","og_description":"Mit Putzrundung und Putzschneide 400 &#8211; 1500 mm Der Mei\u00dfel ist wartungsarm und unterliegt der Sicherheitsvorschrift nach VCB 9a f\u00fcr Lastaufnahmemittel. Die Mei\u00dfelschneiden sind aus Hardoxstahl 450 gefertigt und sollten bedarfsweise mit 600 HB aufgepanzert [...] read more","og_url":"https:\/\/mfs-mafa.com\/en\/stein-schneidenmeissel-hd\/","og_site_name":"Welcome to MFS Maschinenfabrik","og_image":[{"url":"https:\/\/mfs-mafa.com\/en\/wp-content\/uploads\/sites\/2\/2014\/01\/Schneidemeissel.jpg","type":"","width":"","height":""}],"twitter_card":"summary_large_image","schema":{"@context":"https:\/\/schema.org","@graph":[{"@type":"WebPage","@id":"https:\/\/mfs-mafa.com\/en\/stein-schneidenmeissel-hd\/","url":"https:\/\/mfs-mafa.com\/en\/stein-schneidenmeissel-hd\/","name":"STEIN - Schneidenmei\u00dfel HD - Welcome to MFS Maschinenfabrik","isPartOf":{"@id":"https:\/\/mfs-mafa.com\/en\/#website"},"primaryImageOfPage":{"@id":"https:\/\/mfs-mafa.com\/en\/stein-schneidenmeissel-hd\/#primaryimage"},"image":{"@id":"https:\/\/mfs-mafa.com\/en\/stein-schneidenmeissel-hd\/#primaryimage"},"thumbnailUrl":"https:\/\/mfs-mafa.com\/en\/wp-content\/uploads\/sites\/2\/2014\/01\/Schneidemeissel.jpg","datePublished":"2014-01-20T13:04:58+00:00","breadcrumb":{"@id":"https:\/\/mfs-mafa.com\/en\/stein-schneidenmeissel-hd\/#breadcrumb"},"inLanguage":"de","potentialAction":[{"@type":"ReadAction","target":["https:\/\/mfs-mafa.com\/en\/stein-schneidenmeissel-hd\/"]}]},{"@type":"ImageObject","inLanguage":"de","@id":"https:\/\/mfs-mafa.com\/en\/stein-schneidenmeissel-hd\/#primaryimage","url":"https:\/\/mfs-mafa.com\/en\/wp-content\/uploads\/sites\/2\/2014\/01\/Schneidemeissel.jpg","contentUrl":"https:\/\/mfs-mafa.com\/en\/wp-content\/uploads\/sites\/2\/2014\/01\/Schneidemeissel.jpg","width":385,"height":637,"caption":"Schneidemeissel"},{"@type":"BreadcrumbList","@id":"https:\/\/mfs-mafa.com\/en\/stein-schneidenmeissel-hd\/#breadcrumb","itemListElement":[{"@type":"ListItem","position":1,"name":"Home","item":"https:\/\/mfs-mafa.com\/en\/"},{"@type":"ListItem","position":2,"name":"STEIN &#8211; Schneidenmei\u00dfel HD"}]},{"@type":"WebSite","@id":"https:\/\/mfs-mafa.com\/en\/#website","url":"https:\/\/mfs-mafa.com\/en\/","name":"MFS Maschinenfabrik GmbH & Co. KG","description":"MFS Maschinenfabrik GmbH &amp; Co. KG - Wilhelmshaven","publisher":{"@id":"https:\/\/mfs-mafa.com\/en\/#organization"},"potentialAction":[{"@type":"SearchAction","target":{"@type":"EntryPoint","urlTemplate":"https:\/\/mfs-mafa.com\/en\/?s={search_term_string}"},"query-input":{"@type":"PropertyValueSpecification","valueRequired":true,"valueName":"search_term_string"}}],"inLanguage":"de"},{"@type":"Organization","@id":"https:\/\/mfs-mafa.com\/en\/#organization","name":"MFS Maschinenfabrik GmbH & Co. KG","url":"https:\/\/mfs-mafa.com\/en\/","logo":{"@type":"ImageObject","inLanguage":"de","@id":"https:\/\/mfs-mafa.com\/en\/#\/schema\/logo\/image\/","url":"https:\/\/mfs-mafa.com\/en\/wp-content\/uploads\/sites\/2\/2023\/02\/logo-mfs.png","contentUrl":"https:\/\/mfs-mafa.com\/en\/wp-content\/uploads\/sites\/2\/2023\/02\/logo-mfs.png","width":190,"height":127,"caption":"MFS Maschinenfabrik GmbH & Co. KG"},"image":{"@id":"https:\/\/mfs-mafa.com\/en\/#\/schema\/logo\/image\/"}}]}},"_links":{"self":[{"href":"https:\/\/mfs-mafa.com\/en\/wp-json\/wp\/v2\/pages\/565","targetHints":{"allow":["GET"]}}],"collection":[{"href":"https:\/\/mfs-mafa.com\/en\/wp-json\/wp\/v2\/pages"}],"about":[{"href":"https:\/\/mfs-mafa.com\/en\/wp-json\/wp\/v2\/types\/page"}],"author":[{"embeddable":true,"href":"https:\/\/mfs-mafa.com\/en\/wp-json\/wp\/v2\/users\/1"}],"replies":[{"embeddable":true,"href":"https:\/\/mfs-mafa.com\/en\/wp-json\/wp\/v2\/comments?post=565"}],"version-history":[{"count":0,"href":"https:\/\/mfs-mafa.com\/en\/wp-json\/wp\/v2\/pages\/565\/revisions"}],"wp:attachment":[{"href":"https:\/\/mfs-mafa.com\/en\/wp-json\/wp\/v2\/media?parent=565"}],"curies":[{"name":"wp","href":"https:\/\/api.w.org\/{rel}","templated":true}]}}