{"id":37,"date":"2013-11-05T21:23:54","date_gmt":"2013-11-05T20:23:54","guid":{"rendered":"http:\/\/mfs-mafa.com\/?page_id=37"},"modified":"2016-04-06T17:03:10","modified_gmt":"2016-04-06T15:03:10","slug":"company","status":"publish","type":"page","link":"https:\/\/mfs-mafa.com\/en\/company\/","title":{"rendered":"Company"},"content":{"rendered":"<h2><a href=\"https:\/\/mfs-mafa.com\/en\/wp-content\/uploads\/sites\/2\/2013\/11\/1.jpg\"><img loading=\"lazy\" decoding=\"async\" class=\"alignnone size-full wp-image-336\" alt=\"Schlitzwandgreifer\" src=\"https:\/\/mfs-mafa.com\/en\/wp-content\/uploads\/sites\/2\/2013\/11\/1.jpg\" width=\"414\" height=\"552\" srcset=\"https:\/\/mfs-mafa.com\/en\/wp-content\/uploads\/sites\/2\/2013\/11\/1.jpg 414w, https:\/\/mfs-mafa.com\/en\/wp-content\/uploads\/sites\/2\/2013\/11\/1-225x300.jpg 225w\" sizes=\"auto, (max-width: 414px) 100vw, 414px\" \/><\/a><\/h2>\n<h2>Schlitzwandger\u00e4te &#8211; Schlitzwandgreifer<\/h2>\n<h3>Spezialtiefbaumaschinen &#8211; Produktionsst\u00e4tte<\/h3>\n<p>MFS Maschinenfabrik GmbH ist ein deutsches Unternehmen, welches auf die Herstellung von Maschinen f\u00fcr den Spezialtiefbau spezialisiert ist. Unsere Spezialtiefbauger\u00e4te werden in Wilhelmshaven eigenst\u00e4ndig entwickelt und produziert.<\/p>\n<p>Unsere Maschinen werden unter anderem durch unsere Tiefbaufirma, die Stein HT, genutzt.<\/p>\n<h3>Verkauf \/ Tiefbau-Unternehmen<\/h3>\n<p>Mit unserer Firma Stein HT betreiben wir weltweit Spezialtiefbau. In der Hauptsache sind wir bei Gro\u00dfprojekten zust\u00e4ndig f\u00fcr den Aufbau von Schlitzw\u00e4nden, Dichtw\u00e4nden und Baretts.<\/p>\n<p>Unsere Firma hat das Vertrauen der f\u00fchrenden Baufirmen im Spezialtiefbaubereich inne und kann mehr als 40 Jahre Erfahrung mit internationalen Projekten aufweisen (siehe auch <a title=\"Referenzen\" href=\"https:\/\/mfs-mafa.com\/referenzen\/\">Referenzen<\/a>).<\/p>\n<p>Dank des gegenseitiges Feedbacks der Stein HT und der MFS Maschinenfabrik sind unsere Maschinen sehr robust, nahezu wartungsfrei und an die Anforderungen der Baustellen angepasst.<\/p>\n<p>Unser Ziel ist es, zusammen mit unseren Kunden eine individuell geeignete L\u00f6sung f\u00fcr sie zu finden und alle Arbeiten zu ihrer vollsten Zufriedenheit auszuf\u00fchren.<\/p>\n","protected":false},"excerpt":{"rendered":"<p>Schlitzwandger\u00e4te &#8211; Schlitzwandgreifer Spezialtiefbaumaschinen &#8211; Produktionsst\u00e4tte MFS Maschinenfabrik GmbH ist ein deutsches Unternehmen, welches auf die Herstellung von Maschinen f\u00fcr den Spezialtiefbau spezialisiert ist. Unsere Spezialtiefbauger\u00e4te werden in Wilhelmshaven eigenst\u00e4ndig entwickelt und produziert. Unsere Maschinen <strong>[&#8230;]<\/strong> <\/p>\n<p><a class=\"cta\" href=\"https:\/\/mfs-mafa.com\/en\/company\/\">read more<\/a><\/p>\n","protected":false},"author":1,"featured_media":0,"parent":0,"menu_order":0,"comment_status":"closed","ping_status":"closed","template":"page-produkte.php","meta":{"footnotes":""},"class_list":["post-37","page","type-page","status-publish","hentry"],"yoast_head":"<!-- This site is optimized with the Yoast SEO plugin v27.4 - https:\/\/yoast.com\/product\/yoast-seo-wordpress\/ -->\n<title>Company - Welcome to MFS Maschinenfabrik<\/title>\n<meta name=\"robots\" content=\"index, follow, max-snippet:-1, max-image-preview:large, max-video-preview:-1\" \/>\n<link rel=\"canonical\" href=\"https:\/\/mfs-mafa.com\/en\/company\/\" \/>\n<meta property=\"og:locale\" content=\"de_DE\" \/>\n<meta property=\"og:type\" content=\"article\" \/>\n<meta property=\"og:title\" content=\"Company - Welcome to MFS Maschinenfabrik\" \/>\n<meta property=\"og:description\" content=\"Schlitzwandger\u00e4te &#8211; Schlitzwandgreifer Spezialtiefbaumaschinen &#8211; Produktionsst\u00e4tte MFS Maschinenfabrik GmbH ist ein deutsches Unternehmen, welches auf die Herstellung von Maschinen f\u00fcr den Spezialtiefbau spezialisiert ist. Unsere Spezialtiefbauger\u00e4te werden in Wilhelmshaven eigenst\u00e4ndig entwickelt und produziert. Unsere Maschinen [...] read more\" \/>\n<meta property=\"og:url\" content=\"https:\/\/mfs-mafa.com\/en\/company\/\" \/>\n<meta property=\"og:site_name\" content=\"Welcome to MFS Maschinenfabrik\" \/>\n<meta property=\"article:modified_time\" content=\"2016-04-06T15:03:10+00:00\" \/>\n<meta property=\"og:image\" content=\"https:\/\/mfs-mafa.com\/en\/wp-content\/uploads\/sites\/2\/2013\/11\/1.jpg\" \/>\n<meta name=\"twitter:card\" content=\"summary_large_image\" \/>\n<meta name=\"twitter:label1\" content=\"Gesch\u00e4tzte Lesezeit\" \/>\n\t<meta name=\"twitter:data1\" content=\"1\u00a0Minute\" \/>\n<script type=\"application\/ld+json\" class=\"yoast-schema-graph\">{\"@context\":\"https:\\\/\\\/schema.org\",\"@graph\":[{\"@type\":\"WebPage\",\"@id\":\"https:\\\/\\\/mfs-mafa.com\\\/en\\\/company\\\/\",\"url\":\"https:\\\/\\\/mfs-mafa.com\\\/en\\\/company\\\/\",\"name\":\"Company - Welcome to MFS Maschinenfabrik\",\"isPartOf\":{\"@id\":\"https:\\\/\\\/mfs-mafa.com\\\/en\\\/#website\"},\"primaryImageOfPage\":{\"@id\":\"https:\\\/\\\/mfs-mafa.com\\\/en\\\/company\\\/#primaryimage\"},\"image\":{\"@id\":\"https:\\\/\\\/mfs-mafa.com\\\/en\\\/company\\\/#primaryimage\"},\"thumbnailUrl\":\"https:\\\/\\\/mfs-mafa.com\\\/en\\\/wp-content\\\/uploads\\\/sites\\\/2\\\/2013\\\/11\\\/1.jpg\",\"datePublished\":\"2013-11-05T20:23:54+00:00\",\"dateModified\":\"2016-04-06T15:03:10+00:00\",\"breadcrumb\":{\"@id\":\"https:\\\/\\\/mfs-mafa.com\\\/en\\\/company\\\/#breadcrumb\"},\"inLanguage\":\"de\",\"potentialAction\":[{\"@type\":\"ReadAction\",\"target\":[\"https:\\\/\\\/mfs-mafa.com\\\/en\\\/company\\\/\"]}]},{\"@type\":\"ImageObject\",\"inLanguage\":\"de\",\"@id\":\"https:\\\/\\\/mfs-mafa.com\\\/en\\\/company\\\/#primaryimage\",\"url\":\"https:\\\/\\\/mfs-mafa.com\\\/en\\\/wp-content\\\/uploads\\\/sites\\\/2\\\/2013\\\/11\\\/1.jpg\",\"contentUrl\":\"https:\\\/\\\/mfs-mafa.com\\\/en\\\/wp-content\\\/uploads\\\/sites\\\/2\\\/2013\\\/11\\\/1.jpg\",\"width\":414,\"height\":552,\"caption\":\"Schlitzwandgreifer\"},{\"@type\":\"BreadcrumbList\",\"@id\":\"https:\\\/\\\/mfs-mafa.com\\\/en\\\/company\\\/#breadcrumb\",\"itemListElement\":[{\"@type\":\"ListItem\",\"position\":1,\"name\":\"Home\",\"item\":\"https:\\\/\\\/mfs-mafa.com\\\/en\\\/\"},{\"@type\":\"ListItem\",\"position\":2,\"name\":\"Company\"}]},{\"@type\":\"WebSite\",\"@id\":\"https:\\\/\\\/mfs-mafa.com\\\/en\\\/#website\",\"url\":\"https:\\\/\\\/mfs-mafa.com\\\/en\\\/\",\"name\":\"MFS Maschinenfabrik GmbH & Co. KG\",\"description\":\"MFS Maschinenfabrik GmbH &amp; Co. KG - Wilhelmshaven\",\"publisher\":{\"@id\":\"https:\\\/\\\/mfs-mafa.com\\\/en\\\/#organization\"},\"potentialAction\":[{\"@type\":\"SearchAction\",\"target\":{\"@type\":\"EntryPoint\",\"urlTemplate\":\"https:\\\/\\\/mfs-mafa.com\\\/en\\\/?s={search_term_string}\"},\"query-input\":{\"@type\":\"PropertyValueSpecification\",\"valueRequired\":true,\"valueName\":\"search_term_string\"}}],\"inLanguage\":\"de\"},{\"@type\":\"Organization\",\"@id\":\"https:\\\/\\\/mfs-mafa.com\\\/en\\\/#organization\",\"name\":\"MFS Maschinenfabrik GmbH & Co. KG\",\"url\":\"https:\\\/\\\/mfs-mafa.com\\\/en\\\/\",\"logo\":{\"@type\":\"ImageObject\",\"inLanguage\":\"de\",\"@id\":\"https:\\\/\\\/mfs-mafa.com\\\/en\\\/#\\\/schema\\\/logo\\\/image\\\/\",\"url\":\"https:\\\/\\\/mfs-mafa.com\\\/en\\\/wp-content\\\/uploads\\\/sites\\\/2\\\/2023\\\/02\\\/logo-mfs.png\",\"contentUrl\":\"https:\\\/\\\/mfs-mafa.com\\\/en\\\/wp-content\\\/uploads\\\/sites\\\/2\\\/2023\\\/02\\\/logo-mfs.png\",\"width\":190,\"height\":127,\"caption\":\"MFS Maschinenfabrik GmbH & Co. KG\"},\"image\":{\"@id\":\"https:\\\/\\\/mfs-mafa.com\\\/en\\\/#\\\/schema\\\/logo\\\/image\\\/\"}}]}<\/script>\n<!-- \/ Yoast SEO plugin. -->","yoast_head_json":{"title":"Company - Welcome to MFS Maschinenfabrik","robots":{"index":"index","follow":"follow","max-snippet":"max-snippet:-1","max-image-preview":"max-image-preview:large","max-video-preview":"max-video-preview:-1"},"canonical":"https:\/\/mfs-mafa.com\/en\/company\/","og_locale":"de_DE","og_type":"article","og_title":"Company - Welcome to MFS Maschinenfabrik","og_description":"Schlitzwandger\u00e4te &#8211; Schlitzwandgreifer Spezialtiefbaumaschinen &#8211; Produktionsst\u00e4tte MFS Maschinenfabrik GmbH ist ein deutsches Unternehmen, welches auf die Herstellung von Maschinen f\u00fcr den Spezialtiefbau spezialisiert ist. Unsere Spezialtiefbauger\u00e4te werden in Wilhelmshaven eigenst\u00e4ndig entwickelt und produziert. Unsere Maschinen [...] read more","og_url":"https:\/\/mfs-mafa.com\/en\/company\/","og_site_name":"Welcome to MFS Maschinenfabrik","article_modified_time":"2016-04-06T15:03:10+00:00","og_image":[{"url":"https:\/\/mfs-mafa.com\/en\/wp-content\/uploads\/sites\/2\/2013\/11\/1.jpg","type":"","width":"","height":""}],"twitter_card":"summary_large_image","twitter_misc":{"Gesch\u00e4tzte Lesezeit":"1\u00a0Minute"},"schema":{"@context":"https:\/\/schema.org","@graph":[{"@type":"WebPage","@id":"https:\/\/mfs-mafa.com\/en\/company\/","url":"https:\/\/mfs-mafa.com\/en\/company\/","name":"Company - Welcome to MFS Maschinenfabrik","isPartOf":{"@id":"https:\/\/mfs-mafa.com\/en\/#website"},"primaryImageOfPage":{"@id":"https:\/\/mfs-mafa.com\/en\/company\/#primaryimage"},"image":{"@id":"https:\/\/mfs-mafa.com\/en\/company\/#primaryimage"},"thumbnailUrl":"https:\/\/mfs-mafa.com\/en\/wp-content\/uploads\/sites\/2\/2013\/11\/1.jpg","datePublished":"2013-11-05T20:23:54+00:00","dateModified":"2016-04-06T15:03:10+00:00","breadcrumb":{"@id":"https:\/\/mfs-mafa.com\/en\/company\/#breadcrumb"},"inLanguage":"de","potentialAction":[{"@type":"ReadAction","target":["https:\/\/mfs-mafa.com\/en\/company\/"]}]},{"@type":"ImageObject","inLanguage":"de","@id":"https:\/\/mfs-mafa.com\/en\/company\/#primaryimage","url":"https:\/\/mfs-mafa.com\/en\/wp-content\/uploads\/sites\/2\/2013\/11\/1.jpg","contentUrl":"https:\/\/mfs-mafa.com\/en\/wp-content\/uploads\/sites\/2\/2013\/11\/1.jpg","width":414,"height":552,"caption":"Schlitzwandgreifer"},{"@type":"BreadcrumbList","@id":"https:\/\/mfs-mafa.com\/en\/company\/#breadcrumb","itemListElement":[{"@type":"ListItem","position":1,"name":"Home","item":"https:\/\/mfs-mafa.com\/en\/"},{"@type":"ListItem","position":2,"name":"Company"}]},{"@type":"WebSite","@id":"https:\/\/mfs-mafa.com\/en\/#website","url":"https:\/\/mfs-mafa.com\/en\/","name":"MFS Maschinenfabrik GmbH & Co. KG","description":"MFS Maschinenfabrik GmbH &amp; Co. KG - Wilhelmshaven","publisher":{"@id":"https:\/\/mfs-mafa.com\/en\/#organization"},"potentialAction":[{"@type":"SearchAction","target":{"@type":"EntryPoint","urlTemplate":"https:\/\/mfs-mafa.com\/en\/?s={search_term_string}"},"query-input":{"@type":"PropertyValueSpecification","valueRequired":true,"valueName":"search_term_string"}}],"inLanguage":"de"},{"@type":"Organization","@id":"https:\/\/mfs-mafa.com\/en\/#organization","name":"MFS Maschinenfabrik GmbH & Co. KG","url":"https:\/\/mfs-mafa.com\/en\/","logo":{"@type":"ImageObject","inLanguage":"de","@id":"https:\/\/mfs-mafa.com\/en\/#\/schema\/logo\/image\/","url":"https:\/\/mfs-mafa.com\/en\/wp-content\/uploads\/sites\/2\/2023\/02\/logo-mfs.png","contentUrl":"https:\/\/mfs-mafa.com\/en\/wp-content\/uploads\/sites\/2\/2023\/02\/logo-mfs.png","width":190,"height":127,"caption":"MFS Maschinenfabrik GmbH & Co. KG"},"image":{"@id":"https:\/\/mfs-mafa.com\/en\/#\/schema\/logo\/image\/"}}]}},"_links":{"self":[{"href":"https:\/\/mfs-mafa.com\/en\/wp-json\/wp\/v2\/pages\/37","targetHints":{"allow":["GET"]}}],"collection":[{"href":"https:\/\/mfs-mafa.com\/en\/wp-json\/wp\/v2\/pages"}],"about":[{"href":"https:\/\/mfs-mafa.com\/en\/wp-json\/wp\/v2\/types\/page"}],"author":[{"embeddable":true,"href":"https:\/\/mfs-mafa.com\/en\/wp-json\/wp\/v2\/users\/1"}],"replies":[{"embeddable":true,"href":"https:\/\/mfs-mafa.com\/en\/wp-json\/wp\/v2\/comments?post=37"}],"version-history":[{"count":1,"href":"https:\/\/mfs-mafa.com\/en\/wp-json\/wp\/v2\/pages\/37\/revisions"}],"predecessor-version":[{"id":1168,"href":"https:\/\/mfs-mafa.com\/en\/wp-json\/wp\/v2\/pages\/37\/revisions\/1168"}],"wp:attachment":[{"href":"https:\/\/mfs-mafa.com\/en\/wp-json\/wp\/v2\/media?parent=37"}],"curies":[{"name":"wp","href":"https:\/\/api.w.org\/{rel}","templated":true}]}}