{"id":310,"date":"2013-11-07T13:03:01","date_gmt":"2013-11-07T12:03:01","guid":{"rendered":"http:\/\/mfs-mafa.com\/?page_id=310"},"modified":"2016-04-07T10:00:50","modified_gmt":"2016-04-07T08:00:50","slug":"stein-diaphragm-wall-chisel","status":"publish","type":"page","link":"https:\/\/mfs-mafa.com\/en\/products\/stein-diaphragm-wall-chisel\/","title":{"rendered":"STEIN Diaphragm wall chisel"},"content":{"rendered":"<p><img loading=\"lazy\" decoding=\"async\" class=\"alignnone size-full wp-image-345\" title=\"Schlitzwandmeissel\" alt=\"Schlitzwandmeissel\" src=\"https:\/\/mfs-mafa.com\/en\/wp-content\/uploads\/sites\/2\/2013\/11\/meissel4.jpg\" width=\"300\" height=\"203\" \/><\/p>\n<p>Beim Greiferbetrieb m\u00fcssen Hindernisse, wie gr\u00f6\u00dfere Gesteinsbl\u00f6cke oder zusammenh\u00e4ngende feste Gesteinspartien mit schweren Mei\u00dfeln (Gewicht 40 kN bis 200 kN), die anstelle des Greifers am Bagger angebracht werden, durchschlagen oder seitlich verdr\u00e4ngt werden. Zusammenh\u00e4ngende Gesteinspartien k\u00f6nnen gegebenenfalls auch mit drehenden Bohrger\u00e4ten perforiert werden.<\/p>\n<p>F\u00fcr weitere Informationen, <a title=\"Kontakt\" href=\"https:\/\/mfs-mafa.com\/kontakt\/\">kontaktieren<\/a> Sie uns.<\/p>\n","protected":false},"excerpt":{"rendered":"<p>Beim Greiferbetrieb m\u00fcssen Hindernisse, wie gr\u00f6\u00dfere Gesteinsbl\u00f6cke oder zusammenh\u00e4ngende feste Gesteinspartien mit schweren Mei\u00dfeln (Gewicht 40 kN bis 200 kN), die anstelle des Greifers am Bagger angebracht werden, durchschlagen oder seitlich verdr\u00e4ngt werden. Zusammenh\u00e4ngende Gesteinspartien <strong>[&#8230;]<\/strong> <\/p>\n<p><a class=\"cta\" href=\"https:\/\/mfs-mafa.com\/en\/products\/stein-diaphragm-wall-chisel\/\">read more<\/a><\/p>\n","protected":false},"author":1,"featured_media":0,"parent":39,"menu_order":0,"comment_status":"closed","ping_status":"closed","template":"page-produkte.php","meta":{"footnotes":""},"class_list":["post-310","page","type-page","status-publish","hentry"],"yoast_head":"<!-- This site is optimized with the Yoast SEO plugin v27.3 - https:\/\/yoast.com\/product\/yoast-seo-wordpress\/ -->\n<title>STEIN Diaphragm wall chisel - Welcome to MFS Maschinenfabrik<\/title>\n<meta name=\"robots\" content=\"index, follow, max-snippet:-1, max-image-preview:large, max-video-preview:-1\" \/>\n<link rel=\"canonical\" href=\"https:\/\/mfs-mafa.com\/en\/products\/stein-diaphragm-wall-chisel\/\" \/>\n<meta property=\"og:locale\" content=\"de_DE\" \/>\n<meta property=\"og:type\" content=\"article\" \/>\n<meta property=\"og:title\" content=\"STEIN Diaphragm wall chisel - Welcome to MFS Maschinenfabrik\" \/>\n<meta property=\"og:description\" content=\"Beim Greiferbetrieb m\u00fcssen Hindernisse, wie gr\u00f6\u00dfere Gesteinsbl\u00f6cke oder zusammenh\u00e4ngende feste Gesteinspartien mit schweren Mei\u00dfeln (Gewicht 40 kN bis 200 kN), die anstelle des Greifers am Bagger angebracht werden, durchschlagen oder seitlich verdr\u00e4ngt werden. Zusammenh\u00e4ngende Gesteinspartien [...] read more\" \/>\n<meta property=\"og:url\" content=\"https:\/\/mfs-mafa.com\/en\/products\/stein-diaphragm-wall-chisel\/\" \/>\n<meta property=\"og:site_name\" content=\"Welcome to MFS Maschinenfabrik\" \/>\n<meta property=\"article:modified_time\" content=\"2016-04-07T08:00:50+00:00\" \/>\n<meta property=\"og:image\" content=\"https:\/\/mfs-mafa.com\/en\/wp-content\/uploads\/sites\/2\/2013\/11\/meissel4.jpg\" \/>\n<meta name=\"twitter:card\" content=\"summary_large_image\" \/>\n<script type=\"application\/ld+json\" class=\"yoast-schema-graph\">{\"@context\":\"https:\\\/\\\/schema.org\",\"@graph\":[{\"@type\":\"WebPage\",\"@id\":\"https:\\\/\\\/mfs-mafa.com\\\/en\\\/products\\\/stein-diaphragm-wall-chisel\\\/\",\"url\":\"https:\\\/\\\/mfs-mafa.com\\\/en\\\/products\\\/stein-diaphragm-wall-chisel\\\/\",\"name\":\"STEIN Diaphragm wall chisel - Welcome to MFS Maschinenfabrik\",\"isPartOf\":{\"@id\":\"https:\\\/\\\/mfs-mafa.com\\\/en\\\/#website\"},\"primaryImageOfPage\":{\"@id\":\"https:\\\/\\\/mfs-mafa.com\\\/en\\\/products\\\/stein-diaphragm-wall-chisel\\\/#primaryimage\"},\"image\":{\"@id\":\"https:\\\/\\\/mfs-mafa.com\\\/en\\\/products\\\/stein-diaphragm-wall-chisel\\\/#primaryimage\"},\"thumbnailUrl\":\"https:\\\/\\\/mfs-mafa.com\\\/en\\\/wp-content\\\/uploads\\\/sites\\\/2\\\/2013\\\/11\\\/meissel4.jpg\",\"datePublished\":\"2013-11-07T12:03:01+00:00\",\"dateModified\":\"2016-04-07T08:00:50+00:00\",\"breadcrumb\":{\"@id\":\"https:\\\/\\\/mfs-mafa.com\\\/en\\\/products\\\/stein-diaphragm-wall-chisel\\\/#breadcrumb\"},\"inLanguage\":\"de\",\"potentialAction\":[{\"@type\":\"ReadAction\",\"target\":[\"https:\\\/\\\/mfs-mafa.com\\\/en\\\/products\\\/stein-diaphragm-wall-chisel\\\/\"]}]},{\"@type\":\"ImageObject\",\"inLanguage\":\"de\",\"@id\":\"https:\\\/\\\/mfs-mafa.com\\\/en\\\/products\\\/stein-diaphragm-wall-chisel\\\/#primaryimage\",\"url\":\"https:\\\/\\\/mfs-mafa.com\\\/en\\\/wp-content\\\/uploads\\\/sites\\\/2\\\/2013\\\/11\\\/meissel4.jpg\",\"contentUrl\":\"https:\\\/\\\/mfs-mafa.com\\\/en\\\/wp-content\\\/uploads\\\/sites\\\/2\\\/2013\\\/11\\\/meissel4.jpg\",\"width\":300,\"height\":203,\"caption\":\"Schlitzwandmeissel\"},{\"@type\":\"BreadcrumbList\",\"@id\":\"https:\\\/\\\/mfs-mafa.com\\\/en\\\/products\\\/stein-diaphragm-wall-chisel\\\/#breadcrumb\",\"itemListElement\":[{\"@type\":\"ListItem\",\"position\":1,\"name\":\"Home\",\"item\":\"https:\\\/\\\/mfs-mafa.com\\\/en\\\/\"},{\"@type\":\"ListItem\",\"position\":2,\"name\":\"Products\",\"item\":\"https:\\\/\\\/mfs-mafa.com\\\/en\\\/products\\\/\"},{\"@type\":\"ListItem\",\"position\":3,\"name\":\"STEIN Diaphragm wall chisel\"}]},{\"@type\":\"WebSite\",\"@id\":\"https:\\\/\\\/mfs-mafa.com\\\/en\\\/#website\",\"url\":\"https:\\\/\\\/mfs-mafa.com\\\/en\\\/\",\"name\":\"MFS Maschinenfabrik GmbH & Co. KG\",\"description\":\"MFS Maschinenfabrik GmbH &amp; Co. KG - Wilhelmshaven\",\"publisher\":{\"@id\":\"https:\\\/\\\/mfs-mafa.com\\\/en\\\/#organization\"},\"potentialAction\":[{\"@type\":\"SearchAction\",\"target\":{\"@type\":\"EntryPoint\",\"urlTemplate\":\"https:\\\/\\\/mfs-mafa.com\\\/en\\\/?s={search_term_string}\"},\"query-input\":{\"@type\":\"PropertyValueSpecification\",\"valueRequired\":true,\"valueName\":\"search_term_string\"}}],\"inLanguage\":\"de\"},{\"@type\":\"Organization\",\"@id\":\"https:\\\/\\\/mfs-mafa.com\\\/en\\\/#organization\",\"name\":\"MFS Maschinenfabrik GmbH & Co. KG\",\"url\":\"https:\\\/\\\/mfs-mafa.com\\\/en\\\/\",\"logo\":{\"@type\":\"ImageObject\",\"inLanguage\":\"de\",\"@id\":\"https:\\\/\\\/mfs-mafa.com\\\/en\\\/#\\\/schema\\\/logo\\\/image\\\/\",\"url\":\"https:\\\/\\\/mfs-mafa.com\\\/en\\\/wp-content\\\/uploads\\\/sites\\\/2\\\/2023\\\/02\\\/logo-mfs.png\",\"contentUrl\":\"https:\\\/\\\/mfs-mafa.com\\\/en\\\/wp-content\\\/uploads\\\/sites\\\/2\\\/2023\\\/02\\\/logo-mfs.png\",\"width\":190,\"height\":127,\"caption\":\"MFS Maschinenfabrik GmbH & Co. KG\"},\"image\":{\"@id\":\"https:\\\/\\\/mfs-mafa.com\\\/en\\\/#\\\/schema\\\/logo\\\/image\\\/\"}}]}<\/script>\n<!-- \/ Yoast SEO plugin. -->","yoast_head_json":{"title":"STEIN Diaphragm wall chisel - Welcome to MFS Maschinenfabrik","robots":{"index":"index","follow":"follow","max-snippet":"max-snippet:-1","max-image-preview":"max-image-preview:large","max-video-preview":"max-video-preview:-1"},"canonical":"https:\/\/mfs-mafa.com\/en\/products\/stein-diaphragm-wall-chisel\/","og_locale":"de_DE","og_type":"article","og_title":"STEIN Diaphragm wall chisel - Welcome to MFS Maschinenfabrik","og_description":"Beim Greiferbetrieb m\u00fcssen Hindernisse, wie gr\u00f6\u00dfere Gesteinsbl\u00f6cke oder zusammenh\u00e4ngende feste Gesteinspartien mit schweren Mei\u00dfeln (Gewicht 40 kN bis 200 kN), die anstelle des Greifers am Bagger angebracht werden, durchschlagen oder seitlich verdr\u00e4ngt werden. Zusammenh\u00e4ngende Gesteinspartien [...] read more","og_url":"https:\/\/mfs-mafa.com\/en\/products\/stein-diaphragm-wall-chisel\/","og_site_name":"Welcome to MFS Maschinenfabrik","article_modified_time":"2016-04-07T08:00:50+00:00","og_image":[{"url":"https:\/\/mfs-mafa.com\/en\/wp-content\/uploads\/sites\/2\/2013\/11\/meissel4.jpg","type":"","width":"","height":""}],"twitter_card":"summary_large_image","schema":{"@context":"https:\/\/schema.org","@graph":[{"@type":"WebPage","@id":"https:\/\/mfs-mafa.com\/en\/products\/stein-diaphragm-wall-chisel\/","url":"https:\/\/mfs-mafa.com\/en\/products\/stein-diaphragm-wall-chisel\/","name":"STEIN Diaphragm wall chisel - Welcome to MFS Maschinenfabrik","isPartOf":{"@id":"https:\/\/mfs-mafa.com\/en\/#website"},"primaryImageOfPage":{"@id":"https:\/\/mfs-mafa.com\/en\/products\/stein-diaphragm-wall-chisel\/#primaryimage"},"image":{"@id":"https:\/\/mfs-mafa.com\/en\/products\/stein-diaphragm-wall-chisel\/#primaryimage"},"thumbnailUrl":"https:\/\/mfs-mafa.com\/en\/wp-content\/uploads\/sites\/2\/2013\/11\/meissel4.jpg","datePublished":"2013-11-07T12:03:01+00:00","dateModified":"2016-04-07T08:00:50+00:00","breadcrumb":{"@id":"https:\/\/mfs-mafa.com\/en\/products\/stein-diaphragm-wall-chisel\/#breadcrumb"},"inLanguage":"de","potentialAction":[{"@type":"ReadAction","target":["https:\/\/mfs-mafa.com\/en\/products\/stein-diaphragm-wall-chisel\/"]}]},{"@type":"ImageObject","inLanguage":"de","@id":"https:\/\/mfs-mafa.com\/en\/products\/stein-diaphragm-wall-chisel\/#primaryimage","url":"https:\/\/mfs-mafa.com\/en\/wp-content\/uploads\/sites\/2\/2013\/11\/meissel4.jpg","contentUrl":"https:\/\/mfs-mafa.com\/en\/wp-content\/uploads\/sites\/2\/2013\/11\/meissel4.jpg","width":300,"height":203,"caption":"Schlitzwandmeissel"},{"@type":"BreadcrumbList","@id":"https:\/\/mfs-mafa.com\/en\/products\/stein-diaphragm-wall-chisel\/#breadcrumb","itemListElement":[{"@type":"ListItem","position":1,"name":"Home","item":"https:\/\/mfs-mafa.com\/en\/"},{"@type":"ListItem","position":2,"name":"Products","item":"https:\/\/mfs-mafa.com\/en\/products\/"},{"@type":"ListItem","position":3,"name":"STEIN Diaphragm wall chisel"}]},{"@type":"WebSite","@id":"https:\/\/mfs-mafa.com\/en\/#website","url":"https:\/\/mfs-mafa.com\/en\/","name":"MFS Maschinenfabrik GmbH & Co. KG","description":"MFS Maschinenfabrik GmbH &amp; Co. KG - Wilhelmshaven","publisher":{"@id":"https:\/\/mfs-mafa.com\/en\/#organization"},"potentialAction":[{"@type":"SearchAction","target":{"@type":"EntryPoint","urlTemplate":"https:\/\/mfs-mafa.com\/en\/?s={search_term_string}"},"query-input":{"@type":"PropertyValueSpecification","valueRequired":true,"valueName":"search_term_string"}}],"inLanguage":"de"},{"@type":"Organization","@id":"https:\/\/mfs-mafa.com\/en\/#organization","name":"MFS Maschinenfabrik GmbH & Co. KG","url":"https:\/\/mfs-mafa.com\/en\/","logo":{"@type":"ImageObject","inLanguage":"de","@id":"https:\/\/mfs-mafa.com\/en\/#\/schema\/logo\/image\/","url":"https:\/\/mfs-mafa.com\/en\/wp-content\/uploads\/sites\/2\/2023\/02\/logo-mfs.png","contentUrl":"https:\/\/mfs-mafa.com\/en\/wp-content\/uploads\/sites\/2\/2023\/02\/logo-mfs.png","width":190,"height":127,"caption":"MFS Maschinenfabrik GmbH & Co. KG"},"image":{"@id":"https:\/\/mfs-mafa.com\/en\/#\/schema\/logo\/image\/"}}]}},"_links":{"self":[{"href":"https:\/\/mfs-mafa.com\/en\/wp-json\/wp\/v2\/pages\/310","targetHints":{"allow":["GET"]}}],"collection":[{"href":"https:\/\/mfs-mafa.com\/en\/wp-json\/wp\/v2\/pages"}],"about":[{"href":"https:\/\/mfs-mafa.com\/en\/wp-json\/wp\/v2\/types\/page"}],"author":[{"embeddable":true,"href":"https:\/\/mfs-mafa.com\/en\/wp-json\/wp\/v2\/users\/1"}],"replies":[{"embeddable":true,"href":"https:\/\/mfs-mafa.com\/en\/wp-json\/wp\/v2\/comments?post=310"}],"version-history":[{"count":1,"href":"https:\/\/mfs-mafa.com\/en\/wp-json\/wp\/v2\/pages\/310\/revisions"}],"predecessor-version":[{"id":1207,"href":"https:\/\/mfs-mafa.com\/en\/wp-json\/wp\/v2\/pages\/310\/revisions\/1207"}],"up":[{"embeddable":true,"href":"https:\/\/mfs-mafa.com\/en\/wp-json\/wp\/v2\/pages\/39"}],"wp:attachment":[{"href":"https:\/\/mfs-mafa.com\/en\/wp-json\/wp\/v2\/media?parent=310"}],"curies":[{"name":"wp","href":"https:\/\/api.w.org\/{rel}","templated":true}]}}