{"id":240,"date":"2013-11-07T11:33:47","date_gmt":"2013-11-07T09:33:47","guid":{"rendered":"http:\/\/mfs-mafa.com\/?page_id=240"},"modified":"2013-11-07T11:33:47","modified_gmt":"2013-11-07T09:33:47","slug":"stein-schlitzwandgreifer-k80-ii","status":"publish","type":"page","link":"https:\/\/mfs-mafa.com\/en\/products\/diaphragm-wall-grab\/stein-schlitzwandgreifer-k80-ii\/","title":{"rendered":"STEIN &#8211; Schlitzwandgreifer K80 II"},"content":{"rendered":"<h2>Baul\u00e4nge 6,70 m f\u00fcr die Wandst\u00e4rken 800 \/ 1000 \/ 1200 mm mit Seilrollen \u00f8 500 mm f\u00fcr Baggerseile \u00f8 24 &#8211; 28 mm zwei Doppelrollen und eine Einzelrolle<\/h2>\n<p>Der Greifer ist wartungsarm und unterliegt der Sicherheitsvorschrift nach VCB 9a f\u00fcr Lastaufnahmemittel. Die Schneidekanten der Schalen sind aus<br \/>\nHardoxstahl 450 und spezial geh\u00e4rtet. Einfaches Montieren der Greiferschalen f\u00fcr die Schlitzbreiten: 800 \/ 1000 \/ 1200 mm. Ger\u00fcst- und Schalenz\u00e4hne, sowie alle Seil- und F\u00fchrungsrollen sind als fertig montierte Elemente schnell auswechselbar.<\/p>\n<p><strong>Lackierung:<\/strong> Alu-Rostschutz.<\/p>\n","protected":false},"excerpt":{"rendered":"<p>Baul\u00e4nge 6,70 m f\u00fcr die Wandst\u00e4rken 800 \/ 1000 \/ 1200 mm mit Seilrollen \u00f8 500 mm f\u00fcr Baggerseile \u00f8 24 &#8211; 28 mm zwei Doppelrollen und eine Einzelrolle Der Greifer ist wartungsarm und unterliegt <strong>[&#8230;]<\/strong> <\/p>\n<p><a class=\"cta\" href=\"https:\/\/mfs-mafa.com\/en\/products\/diaphragm-wall-grab\/stein-schlitzwandgreifer-k80-ii\/\">read more<\/a><\/p>\n","protected":false},"author":1,"featured_media":0,"parent":54,"menu_order":0,"comment_status":"closed","ping_status":"closed","template":"","meta":{"footnotes":""},"class_list":["post-240","page","type-page","status-publish","hentry"],"yoast_head":"<!-- This site is optimized with the Yoast SEO plugin v27.3 - https:\/\/yoast.com\/product\/yoast-seo-wordpress\/ -->\n<title>STEIN - Schlitzwandgreifer K80 II - Welcome to MFS Maschinenfabrik<\/title>\n<meta name=\"robots\" content=\"index, follow, max-snippet:-1, max-image-preview:large, max-video-preview:-1\" \/>\n<link rel=\"canonical\" href=\"https:\/\/mfs-mafa.com\/en\/products\/diaphragm-wall-grab\/stein-schlitzwandgreifer-k80-ii\/\" \/>\n<meta property=\"og:locale\" content=\"de_DE\" \/>\n<meta property=\"og:type\" content=\"article\" \/>\n<meta property=\"og:title\" content=\"STEIN - Schlitzwandgreifer K80 II - Welcome to MFS Maschinenfabrik\" \/>\n<meta property=\"og:description\" content=\"Baul\u00e4nge 6,70 m f\u00fcr die Wandst\u00e4rken 800 \/ 1000 \/ 1200 mm mit Seilrollen \u00f8 500 mm f\u00fcr Baggerseile \u00f8 24 &#8211; 28 mm zwei Doppelrollen und eine Einzelrolle Der Greifer ist wartungsarm und unterliegt [...] read more\" \/>\n<meta property=\"og:url\" content=\"https:\/\/mfs-mafa.com\/en\/products\/diaphragm-wall-grab\/stein-schlitzwandgreifer-k80-ii\/\" \/>\n<meta property=\"og:site_name\" content=\"Welcome to MFS Maschinenfabrik\" \/>\n<meta name=\"twitter:card\" content=\"summary_large_image\" \/>\n<script type=\"application\/ld+json\" class=\"yoast-schema-graph\">{\"@context\":\"https:\\\/\\\/schema.org\",\"@graph\":[{\"@type\":\"WebPage\",\"@id\":\"https:\\\/\\\/mfs-mafa.com\\\/en\\\/products\\\/diaphragm-wall-grab\\\/stein-schlitzwandgreifer-k80-ii\\\/\",\"url\":\"https:\\\/\\\/mfs-mafa.com\\\/en\\\/products\\\/diaphragm-wall-grab\\\/stein-schlitzwandgreifer-k80-ii\\\/\",\"name\":\"STEIN - Schlitzwandgreifer K80 II - Welcome to MFS Maschinenfabrik\",\"isPartOf\":{\"@id\":\"https:\\\/\\\/mfs-mafa.com\\\/en\\\/#website\"},\"datePublished\":\"2013-11-07T09:33:47+00:00\",\"breadcrumb\":{\"@id\":\"https:\\\/\\\/mfs-mafa.com\\\/en\\\/products\\\/diaphragm-wall-grab\\\/stein-schlitzwandgreifer-k80-ii\\\/#breadcrumb\"},\"inLanguage\":\"de\",\"potentialAction\":[{\"@type\":\"ReadAction\",\"target\":[\"https:\\\/\\\/mfs-mafa.com\\\/en\\\/products\\\/diaphragm-wall-grab\\\/stein-schlitzwandgreifer-k80-ii\\\/\"]}]},{\"@type\":\"BreadcrumbList\",\"@id\":\"https:\\\/\\\/mfs-mafa.com\\\/en\\\/products\\\/diaphragm-wall-grab\\\/stein-schlitzwandgreifer-k80-ii\\\/#breadcrumb\",\"itemListElement\":[{\"@type\":\"ListItem\",\"position\":1,\"name\":\"Home\",\"item\":\"https:\\\/\\\/mfs-mafa.com\\\/en\\\/\"},{\"@type\":\"ListItem\",\"position\":2,\"name\":\"Products\",\"item\":\"https:\\\/\\\/mfs-mafa.com\\\/en\\\/products\\\/\"},{\"@type\":\"ListItem\",\"position\":3,\"name\":\"Diaphragm-wall-grab\",\"item\":\"https:\\\/\\\/mfs-mafa.com\\\/en\\\/products\\\/diaphragm-wall-grab\\\/\"},{\"@type\":\"ListItem\",\"position\":4,\"name\":\"STEIN &#8211; Schlitzwandgreifer K80 II\"}]},{\"@type\":\"WebSite\",\"@id\":\"https:\\\/\\\/mfs-mafa.com\\\/en\\\/#website\",\"url\":\"https:\\\/\\\/mfs-mafa.com\\\/en\\\/\",\"name\":\"MFS Maschinenfabrik GmbH & Co. KG\",\"description\":\"MFS Maschinenfabrik GmbH &amp; Co. KG - Wilhelmshaven\",\"publisher\":{\"@id\":\"https:\\\/\\\/mfs-mafa.com\\\/en\\\/#organization\"},\"potentialAction\":[{\"@type\":\"SearchAction\",\"target\":{\"@type\":\"EntryPoint\",\"urlTemplate\":\"https:\\\/\\\/mfs-mafa.com\\\/en\\\/?s={search_term_string}\"},\"query-input\":{\"@type\":\"PropertyValueSpecification\",\"valueRequired\":true,\"valueName\":\"search_term_string\"}}],\"inLanguage\":\"de\"},{\"@type\":\"Organization\",\"@id\":\"https:\\\/\\\/mfs-mafa.com\\\/en\\\/#organization\",\"name\":\"MFS Maschinenfabrik GmbH & Co. KG\",\"url\":\"https:\\\/\\\/mfs-mafa.com\\\/en\\\/\",\"logo\":{\"@type\":\"ImageObject\",\"inLanguage\":\"de\",\"@id\":\"https:\\\/\\\/mfs-mafa.com\\\/en\\\/#\\\/schema\\\/logo\\\/image\\\/\",\"url\":\"https:\\\/\\\/mfs-mafa.com\\\/en\\\/wp-content\\\/uploads\\\/sites\\\/2\\\/2023\\\/02\\\/logo-mfs.png\",\"contentUrl\":\"https:\\\/\\\/mfs-mafa.com\\\/en\\\/wp-content\\\/uploads\\\/sites\\\/2\\\/2023\\\/02\\\/logo-mfs.png\",\"width\":190,\"height\":127,\"caption\":\"MFS Maschinenfabrik GmbH & Co. KG\"},\"image\":{\"@id\":\"https:\\\/\\\/mfs-mafa.com\\\/en\\\/#\\\/schema\\\/logo\\\/image\\\/\"}}]}<\/script>\n<!-- \/ Yoast SEO plugin. -->","yoast_head_json":{"title":"STEIN - Schlitzwandgreifer K80 II - Welcome to MFS Maschinenfabrik","robots":{"index":"index","follow":"follow","max-snippet":"max-snippet:-1","max-image-preview":"max-image-preview:large","max-video-preview":"max-video-preview:-1"},"canonical":"https:\/\/mfs-mafa.com\/en\/products\/diaphragm-wall-grab\/stein-schlitzwandgreifer-k80-ii\/","og_locale":"de_DE","og_type":"article","og_title":"STEIN - Schlitzwandgreifer K80 II - Welcome to MFS Maschinenfabrik","og_description":"Baul\u00e4nge 6,70 m f\u00fcr die Wandst\u00e4rken 800 \/ 1000 \/ 1200 mm mit Seilrollen \u00f8 500 mm f\u00fcr Baggerseile \u00f8 24 &#8211; 28 mm zwei Doppelrollen und eine Einzelrolle Der Greifer ist wartungsarm und unterliegt [...] read more","og_url":"https:\/\/mfs-mafa.com\/en\/products\/diaphragm-wall-grab\/stein-schlitzwandgreifer-k80-ii\/","og_site_name":"Welcome to MFS Maschinenfabrik","twitter_card":"summary_large_image","schema":{"@context":"https:\/\/schema.org","@graph":[{"@type":"WebPage","@id":"https:\/\/mfs-mafa.com\/en\/products\/diaphragm-wall-grab\/stein-schlitzwandgreifer-k80-ii\/","url":"https:\/\/mfs-mafa.com\/en\/products\/diaphragm-wall-grab\/stein-schlitzwandgreifer-k80-ii\/","name":"STEIN - Schlitzwandgreifer K80 II - Welcome to MFS Maschinenfabrik","isPartOf":{"@id":"https:\/\/mfs-mafa.com\/en\/#website"},"datePublished":"2013-11-07T09:33:47+00:00","breadcrumb":{"@id":"https:\/\/mfs-mafa.com\/en\/products\/diaphragm-wall-grab\/stein-schlitzwandgreifer-k80-ii\/#breadcrumb"},"inLanguage":"de","potentialAction":[{"@type":"ReadAction","target":["https:\/\/mfs-mafa.com\/en\/products\/diaphragm-wall-grab\/stein-schlitzwandgreifer-k80-ii\/"]}]},{"@type":"BreadcrumbList","@id":"https:\/\/mfs-mafa.com\/en\/products\/diaphragm-wall-grab\/stein-schlitzwandgreifer-k80-ii\/#breadcrumb","itemListElement":[{"@type":"ListItem","position":1,"name":"Home","item":"https:\/\/mfs-mafa.com\/en\/"},{"@type":"ListItem","position":2,"name":"Products","item":"https:\/\/mfs-mafa.com\/en\/products\/"},{"@type":"ListItem","position":3,"name":"Diaphragm-wall-grab","item":"https:\/\/mfs-mafa.com\/en\/products\/diaphragm-wall-grab\/"},{"@type":"ListItem","position":4,"name":"STEIN &#8211; Schlitzwandgreifer K80 II"}]},{"@type":"WebSite","@id":"https:\/\/mfs-mafa.com\/en\/#website","url":"https:\/\/mfs-mafa.com\/en\/","name":"MFS Maschinenfabrik GmbH & Co. KG","description":"MFS Maschinenfabrik GmbH &amp; Co. KG - Wilhelmshaven","publisher":{"@id":"https:\/\/mfs-mafa.com\/en\/#organization"},"potentialAction":[{"@type":"SearchAction","target":{"@type":"EntryPoint","urlTemplate":"https:\/\/mfs-mafa.com\/en\/?s={search_term_string}"},"query-input":{"@type":"PropertyValueSpecification","valueRequired":true,"valueName":"search_term_string"}}],"inLanguage":"de"},{"@type":"Organization","@id":"https:\/\/mfs-mafa.com\/en\/#organization","name":"MFS Maschinenfabrik GmbH & Co. KG","url":"https:\/\/mfs-mafa.com\/en\/","logo":{"@type":"ImageObject","inLanguage":"de","@id":"https:\/\/mfs-mafa.com\/en\/#\/schema\/logo\/image\/","url":"https:\/\/mfs-mafa.com\/en\/wp-content\/uploads\/sites\/2\/2023\/02\/logo-mfs.png","contentUrl":"https:\/\/mfs-mafa.com\/en\/wp-content\/uploads\/sites\/2\/2023\/02\/logo-mfs.png","width":190,"height":127,"caption":"MFS Maschinenfabrik GmbH & Co. KG"},"image":{"@id":"https:\/\/mfs-mafa.com\/en\/#\/schema\/logo\/image\/"}}]}},"_links":{"self":[{"href":"https:\/\/mfs-mafa.com\/en\/wp-json\/wp\/v2\/pages\/240","targetHints":{"allow":["GET"]}}],"collection":[{"href":"https:\/\/mfs-mafa.com\/en\/wp-json\/wp\/v2\/pages"}],"about":[{"href":"https:\/\/mfs-mafa.com\/en\/wp-json\/wp\/v2\/types\/page"}],"author":[{"embeddable":true,"href":"https:\/\/mfs-mafa.com\/en\/wp-json\/wp\/v2\/users\/1"}],"replies":[{"embeddable":true,"href":"https:\/\/mfs-mafa.com\/en\/wp-json\/wp\/v2\/comments?post=240"}],"version-history":[{"count":0,"href":"https:\/\/mfs-mafa.com\/en\/wp-json\/wp\/v2\/pages\/240\/revisions"}],"up":[{"embeddable":true,"href":"https:\/\/mfs-mafa.com\/en\/wp-json\/wp\/v2\/pages\/54"}],"wp:attachment":[{"href":"https:\/\/mfs-mafa.com\/en\/wp-json\/wp\/v2\/media?parent=240"}],"curies":[{"name":"wp","href":"https:\/\/api.w.org\/{rel}","templated":true}]}}